{"id":28,"date":"2024-07-01T15:03:22","date_gmt":"2024-07-01T13:03:22","guid":{"rendered":"https:\/\/lis-ta-nature.fr\/?page_id=28"},"modified":"2024-12-01T14:41:21","modified_gmt":"2024-12-01T13:41:21","slug":"bibliotheque-numerique","status":"publish","type":"page","link":"https:\/\/www.bibliothequetourdaigues.fr\/index.php\/bibliotheque\/bibliotheque-numerique\/","title":{"rendered":"Num\u00e9rique"},"content":{"rendered":"\t\t<div data-elementor-type=\"wp-page\" data-elementor-id=\"28\" class=\"elementor elementor-28\">\n\t\t\t\t<div class=\"elementor-element elementor-element-69ed79d3 e-flex e-con-boxed neuron-fixed-no e-con e-parent\" data-id=\"69ed79d3\" data-element_type=\"container\">\n\t\t\t\t\t<div class=\"e-con-inner\">\n\t\t\t\t\t<\/div>\n\t\t\t\t<\/div>\n\t\t<div class=\"elementor-element elementor-element-47e8e9a6 e-flex e-con-boxed neuron-fixed-no e-con e-parent\" data-id=\"47e8e9a6\" data-element_type=\"container\">\n\t\t\t\t\t<div class=\"e-con-inner\">\n\t\t<div class=\"elementor-element elementor-element-7752d1d3 e-con-full e-flex neuron-fixed-no e-con e-child\" data-id=\"7752d1d3\" data-element_type=\"container\">\n\t\t\t\t<div class=\"elementor-element elementor-element-169d63bd elementor-widget elementor-widget-image\" data-id=\"169d63bd\" data-element_type=\"widget\" data-widget_type=\"image.default\">\n\t\t\t\t<div class=\"elementor-widget-container\">\n\t\t\t\t\t\t\t\t\t\t\t\t\t<img fetchpriority=\"high\" decoding=\"async\" width=\"640\" height=\"427\" src=\"https:\/\/www.bibliothequetourdaigues.fr\/wp-content\/uploads\/2024\/07\/Tablettes-ordi.jpg\" class=\"attachment-large size-large wp-image-29255\" alt=\"\" srcset=\"https:\/\/www.bibliothequetourdaigues.fr\/wp-content\/uploads\/2024\/07\/Tablettes-ordi.jpg 640w, https:\/\/www.bibliothequetourdaigues.fr\/wp-content\/uploads\/2024\/07\/Tablettes-ordi-300x200.jpg 300w\" sizes=\"(max-width: 640px) 100vw, 640px\" \/>\t\t\t\t\t\t\t\t\t\t\t\t\t<\/div>\n\t\t\t\t<\/div>\n\t\t\t\t<div class=\"elementor-element elementor-element-a283954 elementor-view-default elementor-position-top elementor-mobile-position-top elementor-widget elementor-widget-icon-box\" data-id=\"a283954\" data-element_type=\"widget\" data-widget_type=\"icon-box.default\">\n\t\t\t\t<div class=\"elementor-widget-container\">\n\t\t\t<link rel=\"stylesheet\" href=\"https:\/\/www.bibliothequetourdaigues.fr\/wp-content\/plugins\/elementor\/assets\/css\/widget-icon-box.min.css\">\t\t<div class=\"elementor-icon-box-wrapper\">\n\n\t\t\t\t\t\t<div class=\"elementor-icon-box-icon\">\n\t\t\t\t<a href=\"https:\/\/vivreconnectes.vaucluse.fr\/apprentissages-formation-continue\" target=\"_blank\" class=\"elementor-icon elementor-animation-\" tabindex=\"-1\">\n\t\t\t\t<svg aria-hidden=\"true\" class=\"e-font-icon-svg e-fas-angle-double-down\" viewBox=\"0 0 320 512\" xmlns=\"http:\/\/www.w3.org\/2000\/svg\"><path d=\"M143 256.3L7 120.3c-9.4-9.4-9.4-24.6 0-33.9l22.6-22.6c9.4-9.4 24.6-9.4 33.9 0l96.4 96.4 96.4-96.4c9.4-9.4 24.6-9.4 33.9 0L313 86.3c9.4 9.4 9.4 24.6 0 33.9l-136 136c-9.4 9.5-24.6 9.5-34 .1zm34 192l136-136c9.4-9.4 9.4-24.6 0-33.9l-22.6-22.6c-9.4-9.4-24.6-9.4-33.9 0L160 352.1l-96.4-96.4c-9.4-9.4-24.6-9.4-33.9 0L7 278.3c-9.4 9.4-9.4 24.6 0 33.9l136 136c9.4 9.5 24.6 9.5 34 .1z\"><\/path><\/svg>\t\t\t\t<\/a>\n\t\t\t<\/div>\n\t\t\t\n\t\t\t\t\t\t<div class=\"elementor-icon-box-content\">\n\n\t\t\t\t\t\t\t\t\t<h3 class=\"elementor-icon-box-title\">\n\t\t\t\t\t\t<a href=\"https:\/\/vivreconnectes.vaucluse.fr\/apprentissages-formation-continue\" target=\"_blank\" >\n\t\t\t\t\t\t\tNouveau ! <br>Apprentissages, formation continue\t\t\t\t\t\t<\/a>\n\t\t\t\t\t<\/h3>\n\t\t\t\t\n\t\t\t\t\t\t\t\t\t<p class=\"elementor-icon-box-description\">\n\t\t\t\t\t\tComp\u00e9tences, remise \u00e0 niveau adultes, m\u00e9thode langues, orthodidacte, FLE, langue des signes, vie professionnelle, orientation scolaire, m\u00e9tiers, bureautique, multimedia, programmation et s\u00e9curit\u00e9 informatique, premier secours, code et permis,conf\u00e9rence avec le Coll\u00e8ge de France.\t\t\t\t\t<\/p>\n\t\t\t\t\n\t\t\t<\/div>\n\t\t\t\n\t\t<\/div>\n\t\t\t\t<\/div>\n\t\t\t\t<\/div>\n\t\t\t\t<\/div>\n\t\t<div class=\"elementor-element elementor-element-3dd76866 e-con-full e-flex neuron-fixed-no e-con e-child\" data-id=\"3dd76866\" data-element_type=\"container\">\n\t\t\t\t<div class=\"elementor-element elementor-element-4250790f elementor-widget elementor-widget-heading\" data-id=\"4250790f\" data-element_type=\"widget\" data-widget_type=\"heading.default\">\n\t\t\t\t<div class=\"elementor-widget-container\">\n\t\t\t<h2 class=\"elementor-heading-title elementor-size-default\">explorer\n<\/h2>\t\t<\/div>\n\t\t\t\t<\/div>\n\t\t\t\t<div class=\"elementor-element elementor-element-6f836b23 elementor-widget__width-initial elementor-widget elementor-widget-text-editor\" data-id=\"6f836b23\" data-element_type=\"widget\" data-widget_type=\"text-editor.default\">\n\t\t\t\t<div class=\"elementor-widget-container\">\n\t\t\t\t\t\t\t<p>Votre adh\u00e9sion \u00e0 la biblioth\u00e8que vous ouvre le droit de profiter du service d\u00e9partemental <a href=\"https:\/\/vivreconnectes.vaucluse.fr\/\"><strong><em>Vivre connect\u00e9s<\/em><\/strong><\/a>.<\/p><p>Ce service vous propose une s\u00e9lection de ressources num\u00e9riques accessibles depuis votre biblioth\u00e8que, votre domicile ou tout autre endroit disposant d\u2019une connexion Internet.<br \/>Elles sont consultables depuis un ordinateur ou une tablette.<\/p><p><a href=\"https:\/\/vivreconnectes.vaucluse.fr\/\"><em style=\"font-family: Vidaloka, Georgia, serif; font-size: 14px; font-weight: 600; letter-spacing: 0px; text-align: var(--text-align);\">Vivre connect\u00e9s<\/em><\/a> vous permet d&rsquo;acc\u00e9der gratuitement et l\u00e9galement \u00e0 une offre de contenus en ligne, accessible 7 jours sur 7 depuis chez vous (cin\u00e9ma, presse, musique, livres, arts, loisirs, sports, apprentissages, formation continue\u2026).<\/p>\t\t\t\t\t\t<\/div>\n\t\t\t\t<\/div>\n\t\t\t\t<div class=\"elementor-element elementor-element-871cc77 elementor-widget elementor-widget-toggle\" data-id=\"871cc77\" data-element_type=\"widget\" data-widget_type=\"toggle.default\">\n\t\t\t\t<div class=\"elementor-widget-container\">\n\t\t\t\t\t<div class=\"elementor-toggle\">\n\t\t\t\t\t\t\t<div class=\"elementor-toggle-item\">\n\t\t\t\t\t<div id=\"elementor-tab-title-1411\" class=\"elementor-tab-title\" data-tab=\"1\" role=\"button\" aria-controls=\"elementor-tab-content-1411\" aria-expanded=\"false\">\n\t\t\t\t\t\t\t\t\t\t\t\t<span class=\"elementor-toggle-icon elementor-toggle-icon-left\" aria-hidden=\"true\">\n\t\t\t\t\t\t\t\t\t\t\t\t\t\t\t<span class=\"elementor-toggle-icon-closed\"><svg class=\"e-font-icon-svg e-fas-caret-right\" viewBox=\"0 0 192 512\" xmlns=\"http:\/\/www.w3.org\/2000\/svg\"><path d=\"M0 384.662V127.338c0-17.818 21.543-26.741 34.142-14.142l128.662 128.662c7.81 7.81 7.81 20.474 0 28.284L34.142 398.804C21.543 411.404 0 402.48 0 384.662z\"><\/path><\/svg><\/span>\n\t\t\t\t\t\t\t\t<span class=\"elementor-toggle-icon-opened\"><svg class=\"elementor-toggle-icon-opened e-font-icon-svg e-fas-caret-up\" viewBox=\"0 0 320 512\" xmlns=\"http:\/\/www.w3.org\/2000\/svg\"><path d=\"M288.662 352H31.338c-17.818 0-26.741-21.543-14.142-34.142l128.662-128.662c7.81-7.81 20.474-7.81 28.284 0l128.662 128.662c12.6 12.599 3.676 34.142-14.142 34.142z\"><\/path><\/svg><\/span>\n\t\t\t\t\t\t\t\t\t\t\t\t\t<\/span>\n\t\t\t\t\t\t\t\t\t\t\t\t<a class=\"elementor-toggle-title\" tabindex=\"0\">sept grands espaces sont propos\u00e9s<\/a>\n\t\t\t\t\t<\/div>\n\n\t\t\t\t\t<div id=\"elementor-tab-content-1411\" class=\"elementor-tab-content elementor-clearfix\" data-tab=\"1\" role=\"region\" aria-labelledby=\"elementor-tab-title-1411\"><p><a href=\"https:\/\/vod.mediatheque-numerique.com\/novelties\"><strong>Cin\u00e9ma<\/strong>\u00a0: des films fictions grand public, courts m\u00e9trages ou documentaires<\/a><\/p><p><strong>Presse<\/strong>\u00a0: une offre de presse nationale et internationale, comprenant des quotidiens ainsi que de la presse magazine dans des domaines tr\u00e8s divers,<\/p><p><strong>Musique<\/strong>\u00a0: des concerts vid\u00e9o et audio, des documentaires, des conf\u00e9rences, des m\u00e9thodes pour apprendre \u00e0 jouer d&rsquo;un instrument de musique<\/p><p><strong>Livres<\/strong>\u00a0: des e-books dans le cadre du pr\u00eat num\u00e9riques en biblioth\u00e8que (PNB)<\/p><p><strong>Livres audio<\/strong>\u00a0: des grands classiques et de la litt\u00e9rature contemporaine, pour grands et petits<\/p><p><strong>Arts&amp;loisirs, sports<\/strong>\u00a0: des ressources dans les domaines des arts, des loisirs cr\u00e9atifs, du bien \u00eatre et sant\u00e9, de la cuisine et nutrition, du sports<\/p><p><strong>Apprentissages, formation continue<\/strong>\u00a0: des ressources dans les domaines de la vie professionnelle, de la remise de niveau dans 12 disciplines, des m\u00e9thodes de langues, du FLE, du code de la route, des ressources de bureautique, multim\u00e9dia, conf\u00e9rences, etc\u2026<\/p><p><strong>Jeunesse<\/strong>\u00a0: des ressources dans les domaines du soutien scolaire, des livres, des films, des jeux ludo\u00e9ducatifs, des livres pour enfants DYS,<\/p><\/div>\n\t\t\t\t<\/div>\n\t\t\t\t\t\t\t\t<\/div>\n\t\t\t\t<\/div>\n\t\t\t\t<\/div>\n\t\t\t\t<\/div>\n\t\t\t\t\t<\/div>\n\t\t\t\t<\/div>\n\t\t<div class=\"elementor-element elementor-element-2ddb8de2 e-grid e-con-boxed neuron-fixed-no e-con e-parent\" data-id=\"2ddb8de2\" data-element_type=\"container\">\n\t\t\t\t\t<div class=\"e-con-inner\">\n\t\t<div class=\"elementor-element elementor-element-2b09ec06 e-con-full e-flex neuron-fixed-no e-con e-child\" data-id=\"2b09ec06\" data-element_type=\"container\" data-settings=\"{&quot;background_background&quot;:&quot;classic&quot;}\">\n\t\t<div class=\"elementor-element elementor-element-c3c6e87 e-grid e-con-full neuron-fixed-no e-con e-child\" data-id=\"c3c6e87\" data-element_type=\"container\" data-settings=\"{&quot;background_background&quot;:&quot;classic&quot;}\">\n\t\t\t\t<div class=\"elementor-element elementor-element-b28ba1b elementor-align-center elementor-widget__width-initial elementor-widget elementor-widget-button\" data-id=\"b28ba1b\" data-element_type=\"widget\" data-widget_type=\"button.default\">\n\t\t\t\t<div class=\"elementor-widget-container\">\n\t\t\t\t\t<div class=\"elementor-button-wrapper\">\n\t\t\t<a class=\"elementor-button elementor-button-link elementor-size-sm\" href=\"https:\/\/vivreconnectes.vaucluse.fr\/62-vous-souhaitez-vous-inscrire\" target=\"_blank\">\n\t\t\t\t\t\t<span class=\"elementor-button-content-wrapper\">\n\t\t\t\t\t\t\t\t\t<span class=\"elementor-button-text\">JE SOUHAITE M'INSCRIRE<\/span>\n\t\t\t\t\t<\/span>\n\t\t\t\t\t<\/a>\n\t\t<\/div>\n\t\t\t\t<\/div>\n\t\t\t\t<\/div>\n\t\t\t\t<\/div>\n\t\t\t\t<\/div>\n\t\t\t\t\t<\/div>\n\t\t\t\t<\/div>\n\t\t\t\t<\/div>\n\t\t","protected":false},"excerpt":{"rendered":"<p>Nouveau ! Apprentissages, formation continue Comp\u00e9tences, remise \u00e0 niveau adultes, m\u00e9thode langues, orthodidacte, FLE, langue des signes, vie&#8230;<\/p>\n","protected":false},"author":1,"featured_media":0,"parent":46,"menu_order":3,"comment_status":"closed","ping_status":"closed","template":"","meta":{"_acf_changed":false,"footnotes":""},"class_list":["post-28","page","type-page","status-publish","hentry"],"acf":[],"yoast_head":"<!-- This site is optimized with the Yoast SEO plugin v23.2 - https:\/\/yoast.com\/wordpress\/plugins\/seo\/ -->\n<title>Num\u00e9rique - Biblioth\u00e8que de La Tour d&#039;Aigues<\/title>\n<meta name=\"robots\" content=\"index, follow, max-snippet:-1, max-image-preview:large, max-video-preview:-1\" \/>\n<link rel=\"canonical\" href=\"https:\/\/www.bibliothequetourdaigues.fr\/index.php\/bibliotheque\/bibliotheque-numerique\/\" \/>\n<meta property=\"og:locale\" content=\"fr_FR\" \/>\n<meta property=\"og:type\" content=\"article\" \/>\n<meta property=\"og:title\" content=\"Num\u00e9rique - Biblioth\u00e8que de La Tour d&#039;Aigues\" \/>\n<meta property=\"og:description\" content=\"Nouveau ! Apprentissages, formation continue Comp\u00e9tences, remise \u00e0 niveau adultes, m\u00e9thode langues, orthodidacte, FLE, langue des signes, vie...\" \/>\n<meta property=\"og:url\" content=\"https:\/\/www.bibliothequetourdaigues.fr\/index.php\/bibliotheque\/bibliotheque-numerique\/\" \/>\n<meta property=\"og:site_name\" content=\"Biblioth\u00e8que de La Tour d&#039;Aigues\" \/>\n<meta property=\"article:publisher\" content=\"https:\/\/www.facebook.com\/biblio.la.tour.daigues\/?locale=fr_FR\" \/>\n<meta property=\"article:modified_time\" content=\"2024-12-01T13:41:21+00:00\" \/>\n<meta property=\"og:image\" content=\"https:\/\/www.bibliothequetourdaigues.fr\/wp-content\/uploads\/2024\/07\/Tablettes-ordi.jpg\" \/>\n<meta name=\"twitter:card\" content=\"summary_large_image\" \/>\n<meta name=\"twitter:label1\" content=\"Dur\u00e9e de lecture estim\u00e9e\" \/>\n\t<meta name=\"twitter:data1\" content=\"2 minutes\" \/>\n<script type=\"application\/ld+json\" class=\"yoast-schema-graph\">{\"@context\":\"https:\/\/schema.org\",\"@graph\":[{\"@type\":\"WebPage\",\"@id\":\"https:\/\/www.bibliothequetourdaigues.fr\/index.php\/bibliotheque\/bibliotheque-numerique\/\",\"url\":\"https:\/\/www.bibliothequetourdaigues.fr\/index.php\/bibliotheque\/bibliotheque-numerique\/\",\"name\":\"Num\u00e9rique - Biblioth\u00e8que de La Tour d&#039;Aigues\",\"isPartOf\":{\"@id\":\"https:\/\/www.bibliothequetourdaigues.fr\/#website\"},\"primaryImageOfPage\":{\"@id\":\"https:\/\/www.bibliothequetourdaigues.fr\/index.php\/bibliotheque\/bibliotheque-numerique\/#primaryimage\"},\"image\":{\"@id\":\"https:\/\/www.bibliothequetourdaigues.fr\/index.php\/bibliotheque\/bibliotheque-numerique\/#primaryimage\"},\"thumbnailUrl\":\"https:\/\/www.bibliothequetourdaigues.fr\/wp-content\/uploads\/2024\/07\/Tablettes-ordi.jpg\",\"datePublished\":\"2024-07-01T13:03:22+00:00\",\"dateModified\":\"2024-12-01T13:41:21+00:00\",\"breadcrumb\":{\"@id\":\"https:\/\/www.bibliothequetourdaigues.fr\/index.php\/bibliotheque\/bibliotheque-numerique\/#breadcrumb\"},\"inLanguage\":\"fr-FR\",\"potentialAction\":[{\"@type\":\"ReadAction\",\"target\":[\"https:\/\/www.bibliothequetourdaigues.fr\/index.php\/bibliotheque\/bibliotheque-numerique\/\"]}]},{\"@type\":\"ImageObject\",\"inLanguage\":\"fr-FR\",\"@id\":\"https:\/\/www.bibliothequetourdaigues.fr\/index.php\/bibliotheque\/bibliotheque-numerique\/#primaryimage\",\"url\":\"https:\/\/www.bibliothequetourdaigues.fr\/wp-content\/uploads\/2024\/07\/Tablettes-ordi.jpg\",\"contentUrl\":\"https:\/\/www.bibliothequetourdaigues.fr\/wp-content\/uploads\/2024\/07\/Tablettes-ordi.jpg\",\"width\":640,\"height\":427},{\"@type\":\"BreadcrumbList\",\"@id\":\"https:\/\/www.bibliothequetourdaigues.fr\/index.php\/bibliotheque\/bibliotheque-numerique\/#breadcrumb\",\"itemListElement\":[{\"@type\":\"ListItem\",\"position\":1,\"name\":\"Accueil\",\"item\":\"https:\/\/www.bibliothequetourdaigues.fr\/\"},{\"@type\":\"ListItem\",\"position\":2,\"name\":\"Biblioth\u00e8que\",\"item\":\"https:\/\/www.bibliothequetourdaigues.fr\/index.php\/bibliotheque\/\"},{\"@type\":\"ListItem\",\"position\":3,\"name\":\"Num\u00e9rique\"}]},{\"@type\":\"WebSite\",\"@id\":\"https:\/\/www.bibliothequetourdaigues.fr\/#website\",\"url\":\"https:\/\/www.bibliothequetourdaigues.fr\/\",\"name\":\"Biblioth\u00e8que de La Tour d'Aigues\",\"description\":\"\",\"publisher\":{\"@id\":\"https:\/\/www.bibliothequetourdaigues.fr\/#organization\"},\"potentialAction\":[{\"@type\":\"SearchAction\",\"target\":{\"@type\":\"EntryPoint\",\"urlTemplate\":\"https:\/\/www.bibliothequetourdaigues.fr\/?s={search_term_string}\"},\"query-input\":\"required name=search_term_string\"}],\"inLanguage\":\"fr-FR\"},{\"@type\":\"Organization\",\"@id\":\"https:\/\/www.bibliothequetourdaigues.fr\/#organization\",\"name\":\"Biblioth\u00e8que de La Tour d'Aigues\",\"url\":\"https:\/\/www.bibliothequetourdaigues.fr\/\",\"logo\":{\"@type\":\"ImageObject\",\"inLanguage\":\"fr-FR\",\"@id\":\"https:\/\/www.bibliothequetourdaigues.fr\/#\/schema\/logo\/image\/\",\"url\":\"https:\/\/www.bibliothequetourdaigues.fr\/wp-content\/uploads\/2024\/07\/Small-Bibliotheque-logo-noir-horizontal.png\",\"contentUrl\":\"https:\/\/www.bibliothequetourdaigues.fr\/wp-content\/uploads\/2024\/07\/Small-Bibliotheque-logo-noir-horizontal.png\",\"width\":815,\"height\":179,\"caption\":\"Biblioth\u00e8que de La Tour d'Aigues\"},\"image\":{\"@id\":\"https:\/\/www.bibliothequetourdaigues.fr\/#\/schema\/logo\/image\/\"},\"sameAs\":[\"https:\/\/www.facebook.com\/biblio.la.tour.daigues\/?locale=fr_FR\",\"https:\/\/www.instagram.com\/bibliotheque.latourdaigues\/\"]}]}<\/script>\n<!-- \/ Yoast SEO plugin. -->","yoast_head_json":{"title":"Num\u00e9rique - Biblioth\u00e8que de La Tour d&#039;Aigues","robots":{"index":"index","follow":"follow","max-snippet":"max-snippet:-1","max-image-preview":"max-image-preview:large","max-video-preview":"max-video-preview:-1"},"canonical":"https:\/\/www.bibliothequetourdaigues.fr\/index.php\/bibliotheque\/bibliotheque-numerique\/","og_locale":"fr_FR","og_type":"article","og_title":"Num\u00e9rique - Biblioth\u00e8que de La Tour d&#039;Aigues","og_description":"Nouveau ! Apprentissages, formation continue Comp\u00e9tences, remise \u00e0 niveau adultes, m\u00e9thode langues, orthodidacte, FLE, langue des signes, vie...","og_url":"https:\/\/www.bibliothequetourdaigues.fr\/index.php\/bibliotheque\/bibliotheque-numerique\/","og_site_name":"Biblioth\u00e8que de La Tour d&#039;Aigues","article_publisher":"https:\/\/www.facebook.com\/biblio.la.tour.daigues\/?locale=fr_FR","article_modified_time":"2024-12-01T13:41:21+00:00","og_image":[{"url":"https:\/\/www.bibliothequetourdaigues.fr\/wp-content\/uploads\/2024\/07\/Tablettes-ordi.jpg"}],"twitter_card":"summary_large_image","twitter_misc":{"Dur\u00e9e de lecture estim\u00e9e":"2 minutes"},"schema":{"@context":"https:\/\/schema.org","@graph":[{"@type":"WebPage","@id":"https:\/\/www.bibliothequetourdaigues.fr\/index.php\/bibliotheque\/bibliotheque-numerique\/","url":"https:\/\/www.bibliothequetourdaigues.fr\/index.php\/bibliotheque\/bibliotheque-numerique\/","name":"Num\u00e9rique - Biblioth\u00e8que de La Tour d&#039;Aigues","isPartOf":{"@id":"https:\/\/www.bibliothequetourdaigues.fr\/#website"},"primaryImageOfPage":{"@id":"https:\/\/www.bibliothequetourdaigues.fr\/index.php\/bibliotheque\/bibliotheque-numerique\/#primaryimage"},"image":{"@id":"https:\/\/www.bibliothequetourdaigues.fr\/index.php\/bibliotheque\/bibliotheque-numerique\/#primaryimage"},"thumbnailUrl":"https:\/\/www.bibliothequetourdaigues.fr\/wp-content\/uploads\/2024\/07\/Tablettes-ordi.jpg","datePublished":"2024-07-01T13:03:22+00:00","dateModified":"2024-12-01T13:41:21+00:00","breadcrumb":{"@id":"https:\/\/www.bibliothequetourdaigues.fr\/index.php\/bibliotheque\/bibliotheque-numerique\/#breadcrumb"},"inLanguage":"fr-FR","potentialAction":[{"@type":"ReadAction","target":["https:\/\/www.bibliothequetourdaigues.fr\/index.php\/bibliotheque\/bibliotheque-numerique\/"]}]},{"@type":"ImageObject","inLanguage":"fr-FR","@id":"https:\/\/www.bibliothequetourdaigues.fr\/index.php\/bibliotheque\/bibliotheque-numerique\/#primaryimage","url":"https:\/\/www.bibliothequetourdaigues.fr\/wp-content\/uploads\/2024\/07\/Tablettes-ordi.jpg","contentUrl":"https:\/\/www.bibliothequetourdaigues.fr\/wp-content\/uploads\/2024\/07\/Tablettes-ordi.jpg","width":640,"height":427},{"@type":"BreadcrumbList","@id":"https:\/\/www.bibliothequetourdaigues.fr\/index.php\/bibliotheque\/bibliotheque-numerique\/#breadcrumb","itemListElement":[{"@type":"ListItem","position":1,"name":"Accueil","item":"https:\/\/www.bibliothequetourdaigues.fr\/"},{"@type":"ListItem","position":2,"name":"Biblioth\u00e8que","item":"https:\/\/www.bibliothequetourdaigues.fr\/index.php\/bibliotheque\/"},{"@type":"ListItem","position":3,"name":"Num\u00e9rique"}]},{"@type":"WebSite","@id":"https:\/\/www.bibliothequetourdaigues.fr\/#website","url":"https:\/\/www.bibliothequetourdaigues.fr\/","name":"Biblioth\u00e8que de La Tour d'Aigues","description":"","publisher":{"@id":"https:\/\/www.bibliothequetourdaigues.fr\/#organization"},"potentialAction":[{"@type":"SearchAction","target":{"@type":"EntryPoint","urlTemplate":"https:\/\/www.bibliothequetourdaigues.fr\/?s={search_term_string}"},"query-input":"required name=search_term_string"}],"inLanguage":"fr-FR"},{"@type":"Organization","@id":"https:\/\/www.bibliothequetourdaigues.fr\/#organization","name":"Biblioth\u00e8que de La Tour d'Aigues","url":"https:\/\/www.bibliothequetourdaigues.fr\/","logo":{"@type":"ImageObject","inLanguage":"fr-FR","@id":"https:\/\/www.bibliothequetourdaigues.fr\/#\/schema\/logo\/image\/","url":"https:\/\/www.bibliothequetourdaigues.fr\/wp-content\/uploads\/2024\/07\/Small-Bibliotheque-logo-noir-horizontal.png","contentUrl":"https:\/\/www.bibliothequetourdaigues.fr\/wp-content\/uploads\/2024\/07\/Small-Bibliotheque-logo-noir-horizontal.png","width":815,"height":179,"caption":"Biblioth\u00e8que de La Tour d'Aigues"},"image":{"@id":"https:\/\/www.bibliothequetourdaigues.fr\/#\/schema\/logo\/image\/"},"sameAs":["https:\/\/www.facebook.com\/biblio.la.tour.daigues\/?locale=fr_FR","https:\/\/www.instagram.com\/bibliotheque.latourdaigues\/"]}]}},"_links":{"self":[{"href":"https:\/\/www.bibliothequetourdaigues.fr\/index.php\/wp-json\/wp\/v2\/pages\/28","targetHints":{"allow":["GET"]}}],"collection":[{"href":"https:\/\/www.bibliothequetourdaigues.fr\/index.php\/wp-json\/wp\/v2\/pages"}],"about":[{"href":"https:\/\/www.bibliothequetourdaigues.fr\/index.php\/wp-json\/wp\/v2\/types\/page"}],"author":[{"embeddable":true,"href":"https:\/\/www.bibliothequetourdaigues.fr\/index.php\/wp-json\/wp\/v2\/users\/1"}],"replies":[{"embeddable":true,"href":"https:\/\/www.bibliothequetourdaigues.fr\/index.php\/wp-json\/wp\/v2\/comments?post=28"}],"version-history":[{"count":36,"href":"https:\/\/www.bibliothequetourdaigues.fr\/index.php\/wp-json\/wp\/v2\/pages\/28\/revisions"}],"predecessor-version":[{"id":33962,"href":"https:\/\/www.bibliothequetourdaigues.fr\/index.php\/wp-json\/wp\/v2\/pages\/28\/revisions\/33962"}],"up":[{"embeddable":true,"href":"https:\/\/www.bibliothequetourdaigues.fr\/index.php\/wp-json\/wp\/v2\/pages\/46"}],"wp:attachment":[{"href":"https:\/\/www.bibliothequetourdaigues.fr\/index.php\/wp-json\/wp\/v2\/media?parent=28"}],"curies":[{"name":"wp","href":"https:\/\/api.w.org\/{rel}","templated":true}]}}