{"id":29824,"date":"2024-07-01T20:54:54","date_gmt":"2024-07-01T18:54:54","guid":{"rendered":"https:\/\/lis-ta-nature.fr\/?page_id=29824"},"modified":"2026-03-16T22:40:50","modified_gmt":"2026-03-16T21:40:50","slug":"cercle-des-lecteurs-en-anglais","status":"publish","type":"page","link":"https:\/\/www.bibliothequetourdaigues.fr\/index.php\/activites\/cercles-des-lecteurs\/cercle-des-lecteurs-en-anglais\/","title":{"rendered":"Cercle des lecteurs en anglais"},"content":{"rendered":"\t\t<div data-elementor-type=\"wp-page\" data-elementor-id=\"29824\" class=\"elementor elementor-29824\">\n\t\t\t\t<div class=\"elementor-element elementor-element-2b4cfc5c e-flex e-con-boxed neuron-fixed-no e-con e-parent\" data-id=\"2b4cfc5c\" data-element_type=\"container\">\n\t\t\t\t\t<div class=\"e-con-inner\">\n\t\t\t\t\t<\/div>\n\t\t\t\t<\/div>\n\t\t<div class=\"elementor-element elementor-element-6e835f7d e-flex e-con-boxed neuron-fixed-no e-con e-parent\" data-id=\"6e835f7d\" data-element_type=\"container\">\n\t\t\t\t\t<div class=\"e-con-inner\">\n\t\t<div class=\"elementor-element elementor-element-1652f10a e-con-full e-flex neuron-fixed-no e-con e-child\" data-id=\"1652f10a\" data-element_type=\"container\">\n\t\t\t\t<div class=\"elementor-element elementor-element-7283fd09 elementor-widget elementor-widget-image\" data-id=\"7283fd09\" data-element_type=\"widget\" data-widget_type=\"image.default\">\n\t\t\t\t<div class=\"elementor-widget-container\">\n\t\t\t<style>\/*! elementor - v3.23.0 - 05-08-2024 *\/\n.elementor-widget-image{text-align:center}.elementor-widget-image a{display:inline-block}.elementor-widget-image a img[src$=\".svg\"]{width:48px}.elementor-widget-image img{vertical-align:middle;display:inline-block}<\/style>\t\t\t\t\t\t\t\t\t\t<img fetchpriority=\"high\" decoding=\"async\" width=\"788\" height=\"788\" src=\"https:\/\/www.bibliothequetourdaigues.fr\/wp-content\/uploads\/2024\/07\/girl-2771936_1280-2.jpg\" class=\"attachment-large size-large wp-image-30532\" alt=\"\" srcset=\"https:\/\/www.bibliothequetourdaigues.fr\/wp-content\/uploads\/2024\/07\/girl-2771936_1280-2.jpg 788w, https:\/\/www.bibliothequetourdaigues.fr\/wp-content\/uploads\/2024\/07\/girl-2771936_1280-2-300x300.jpg 300w, https:\/\/www.bibliothequetourdaigues.fr\/wp-content\/uploads\/2024\/07\/girl-2771936_1280-2-150x150.jpg 150w, https:\/\/www.bibliothequetourdaigues.fr\/wp-content\/uploads\/2024\/07\/girl-2771936_1280-2-768x768.jpg 768w\" sizes=\"(max-width: 788px) 100vw, 788px\" \/>\t\t\t\t\t\t\t\t\t\t\t\t\t<\/div>\n\t\t\t\t<\/div>\n\t\t\t\t<\/div>\n\t\t<div class=\"elementor-element elementor-element-50031e2 e-con-full e-flex neuron-fixed-no e-con e-child\" data-id=\"50031e2\" data-element_type=\"container\">\n\t\t\t\t<div class=\"elementor-element elementor-element-2acd7c50 elementor-widget elementor-widget-heading\" data-id=\"2acd7c50\" data-element_type=\"widget\" data-widget_type=\"heading.default\">\n\t\t\t\t<div class=\"elementor-widget-container\">\n\t\t\t<style>\/*! elementor - v3.23.0 - 05-08-2024 *\/\n.elementor-heading-title{padding:0;margin:0;line-height:1}.elementor-widget-heading .elementor-heading-title[class*=elementor-size-]>a{color:inherit;font-size:inherit;line-height:inherit}.elementor-widget-heading .elementor-heading-title.elementor-size-small{font-size:15px}.elementor-widget-heading .elementor-heading-title.elementor-size-medium{font-size:19px}.elementor-widget-heading .elementor-heading-title.elementor-size-large{font-size:29px}.elementor-widget-heading .elementor-heading-title.elementor-size-xl{font-size:39px}.elementor-widget-heading .elementor-heading-title.elementor-size-xxl{font-size:59px}<\/style><h2 class=\"elementor-heading-title elementor-size-default\">Cercle des lecteur en anglais<\/h2>\t\t<\/div>\n\t\t\t\t<\/div>\n\t\t\t\t<div class=\"elementor-element elementor-element-15a3d50 elementor-widget elementor-widget-heading\" data-id=\"15a3d50\" data-element_type=\"widget\" data-widget_type=\"heading.default\">\n\t\t\t\t<div class=\"elementor-widget-container\">\n\t\t\t<h2 class=\"elementor-heading-title elementor-size-default\">Bring your own book<\/h2>\t\t<\/div>\n\t\t\t\t<\/div>\n\t\t\t\t<div class=\"elementor-element elementor-element-6c805ca9 elementor-widget__width-initial elementor-widget elementor-widget-text-editor\" data-id=\"6c805ca9\" data-element_type=\"widget\" data-widget_type=\"text-editor.default\">\n\t\t\t\t<div class=\"elementor-widget-container\">\n\t\t\t<style>\/*! elementor - v3.23.0 - 05-08-2024 *\/\n.elementor-widget-text-editor.elementor-drop-cap-view-stacked .elementor-drop-cap{background-color:#69727d;color:#fff}.elementor-widget-text-editor.elementor-drop-cap-view-framed .elementor-drop-cap{color:#69727d;border:3px solid;background-color:transparent}.elementor-widget-text-editor:not(.elementor-drop-cap-view-default) .elementor-drop-cap{margin-top:8px}.elementor-widget-text-editor:not(.elementor-drop-cap-view-default) .elementor-drop-cap-letter{width:1em;height:1em}.elementor-widget-text-editor .elementor-drop-cap{float:left;text-align:center;line-height:1;font-size:50px}.elementor-widget-text-editor .elementor-drop-cap-letter{display:inline-block}<\/style>\t\t\t\t<p>Le cercle des lecteurs en anglais se r\u00e9unit chaque premier mercredi du mois \u00e0 15h.<\/p><p>Il ne s&rsquo;agit pas d&rsquo;un cours d&rsquo;anglais mais d&rsquo;un moment de convivialit\u00e9 en anglais.<\/p><p>Ce groupe se r\u00e9unit chaque mois pour parler en anglais de livres \u00e9crits en quelque langue que ce soit.<\/p><p>Il est ouvert \u00e0 tous ceux qui parlent anglais assez couramment pour \u00eatre capable de pr\u00e9senter leur livre favori,\u00a0m\u00eame si leur anglais n&rsquo;est pas parfait\u00a0!<\/p><p>Contact : Susie Collinson<br \/>Mail : susie@collinson.eu<\/p>\t\t\t\t\t\t<\/div>\n\t\t\t\t<\/div>\n\t\t\t\t<div class=\"elementor-element elementor-element-08c3ab1 elementor-widget elementor-widget-text-editor\" data-id=\"08c3ab1\" data-element_type=\"widget\" data-widget_type=\"text-editor.default\">\n\t\t\t\t<div class=\"elementor-widget-container\">\n\t\t\t\t\t\t\t<p>La participation aux cercles des lecteurs n\u00e9cessite seulement d\u2019\u00eatre adh\u00e9rent \u00e0 la biblioth\u00e8que.<\/p>\t\t\t\t\t\t<\/div>\n\t\t\t\t<\/div>\n\t\t\t\t<\/div>\n\t\t\t\t\t<\/div>\n\t\t\t\t<\/div>\n\t\t<div class=\"elementor-element elementor-element-609b2cd9 e-grid e-con-boxed neuron-fixed-no e-con e-parent\" data-id=\"609b2cd9\" data-element_type=\"container\">\n\t\t\t\t\t<div class=\"e-con-inner\">\n\t\t<div class=\"elementor-element elementor-element-266075ba e-con-full e-flex neuron-fixed-no e-con e-child\" data-id=\"266075ba\" data-element_type=\"container\" data-settings=\"{&quot;background_background&quot;:&quot;classic&quot;}\">\n\t\t<div class=\"elementor-element elementor-element-7ff1fccd e-grid e-con-full neuron-fixed-no e-con e-child\" data-id=\"7ff1fccd\" data-element_type=\"container\" data-settings=\"{&quot;background_background&quot;:&quot;classic&quot;}\">\n\t\t\t\t<div class=\"elementor-element elementor-element-aaf1ad5 elementor-align-center elementor-widget__width-initial elementor-widget elementor-widget-button\" data-id=\"aaf1ad5\" data-element_type=\"widget\" data-widget_type=\"button.default\">\n\t\t\t\t<div class=\"elementor-widget-container\">\n\t\t\t\t\t<div class=\"elementor-button-wrapper\">\n\t\t\t<a class=\"elementor-button elementor-button-link elementor-size-sm\" href=\"https:\/\/www.bibliothequetourdaigues.fr\/index.php\/bibliotheque\/pratique\/adherer\/\" target=\"_blank\">\n\t\t\t\t\t\t<span class=\"elementor-button-content-wrapper\">\n\t\t\t\t\t\t\t\t\t<span class=\"elementor-button-text\">J'ADH\u00c8RE<\/span>\n\t\t\t\t\t<\/span>\n\t\t\t\t\t<\/a>\n\t\t<\/div>\n\t\t\t\t<\/div>\n\t\t\t\t<\/div>\n\t\t\t\t<\/div>\n\t\t\t\t<\/div>\n\t\t\t\t\t<\/div>\n\t\t\t\t<\/div>\n\t\t\t\t<\/div>\n\t\t","protected":false},"excerpt":{"rendered":"<p>Cercle des lecteur en anglais Bring your own book Le cercle des lecteurs en anglais se r\u00e9unit chaque&#8230;<\/p>\n","protected":false},"author":1,"featured_media":0,"parent":29821,"menu_order":2,"comment_status":"closed","ping_status":"closed","template":"","meta":{"_acf_changed":false,"footnotes":""},"class_list":["post-29824","page","type-page","status-publish","hentry"],"acf":[],"yoast_head":"<!-- This site is optimized with the Yoast SEO plugin v23.2 - https:\/\/yoast.com\/wordpress\/plugins\/seo\/ -->\n<title>Cercle des lecteurs en anglais - Biblioth\u00e8que de La Tour d&#039;Aigues<\/title>\n<meta name=\"robots\" content=\"index, follow, max-snippet:-1, max-image-preview:large, max-video-preview:-1\" \/>\n<link rel=\"canonical\" href=\"https:\/\/www.bibliothequetourdaigues.fr\/index.php\/activites\/cercles-des-lecteurs\/cercle-des-lecteurs-en-anglais\/\" \/>\n<meta property=\"og:locale\" content=\"fr_FR\" \/>\n<meta property=\"og:type\" content=\"article\" \/>\n<meta property=\"og:title\" content=\"Cercle des lecteurs en anglais - Biblioth\u00e8que de La Tour d&#039;Aigues\" \/>\n<meta property=\"og:description\" content=\"Cercle des lecteur en anglais Bring your own book Le cercle des lecteurs en anglais se r\u00e9unit chaque...\" \/>\n<meta property=\"og:url\" content=\"https:\/\/www.bibliothequetourdaigues.fr\/index.php\/activites\/cercles-des-lecteurs\/cercle-des-lecteurs-en-anglais\/\" \/>\n<meta property=\"og:site_name\" content=\"Biblioth\u00e8que de La Tour d&#039;Aigues\" \/>\n<meta property=\"article:publisher\" content=\"https:\/\/www.facebook.com\/biblio.la.tour.daigues\/?locale=fr_FR\" \/>\n<meta property=\"article:modified_time\" content=\"2026-03-16T21:40:50+00:00\" \/>\n<meta property=\"og:image\" content=\"https:\/\/www.bibliothequetourdaigues.fr\/wp-content\/uploads\/2024\/07\/girl-2771936_1280-2.jpg\" \/>\n<meta name=\"twitter:card\" content=\"summary_large_image\" \/>\n<meta name=\"twitter:label1\" content=\"Dur\u00e9e de lecture estim\u00e9e\" \/>\n\t<meta name=\"twitter:data1\" content=\"1 minute\" \/>\n<script type=\"application\/ld+json\" class=\"yoast-schema-graph\">{\"@context\":\"https:\/\/schema.org\",\"@graph\":[{\"@type\":\"WebPage\",\"@id\":\"https:\/\/www.bibliothequetourdaigues.fr\/index.php\/activites\/cercles-des-lecteurs\/cercle-des-lecteurs-en-anglais\/\",\"url\":\"https:\/\/www.bibliothequetourdaigues.fr\/index.php\/activites\/cercles-des-lecteurs\/cercle-des-lecteurs-en-anglais\/\",\"name\":\"Cercle des lecteurs en anglais - Biblioth\u00e8que de La Tour d&#039;Aigues\",\"isPartOf\":{\"@id\":\"https:\/\/www.bibliothequetourdaigues.fr\/#website\"},\"primaryImageOfPage\":{\"@id\":\"https:\/\/www.bibliothequetourdaigues.fr\/index.php\/activites\/cercles-des-lecteurs\/cercle-des-lecteurs-en-anglais\/#primaryimage\"},\"image\":{\"@id\":\"https:\/\/www.bibliothequetourdaigues.fr\/index.php\/activites\/cercles-des-lecteurs\/cercle-des-lecteurs-en-anglais\/#primaryimage\"},\"thumbnailUrl\":\"https:\/\/www.bibliothequetourdaigues.fr\/wp-content\/uploads\/2024\/07\/girl-2771936_1280-2.jpg\",\"datePublished\":\"2024-07-01T18:54:54+00:00\",\"dateModified\":\"2026-03-16T21:40:50+00:00\",\"breadcrumb\":{\"@id\":\"https:\/\/www.bibliothequetourdaigues.fr\/index.php\/activites\/cercles-des-lecteurs\/cercle-des-lecteurs-en-anglais\/#breadcrumb\"},\"inLanguage\":\"fr-FR\",\"potentialAction\":[{\"@type\":\"ReadAction\",\"target\":[\"https:\/\/www.bibliothequetourdaigues.fr\/index.php\/activites\/cercles-des-lecteurs\/cercle-des-lecteurs-en-anglais\/\"]}]},{\"@type\":\"ImageObject\",\"inLanguage\":\"fr-FR\",\"@id\":\"https:\/\/www.bibliothequetourdaigues.fr\/index.php\/activites\/cercles-des-lecteurs\/cercle-des-lecteurs-en-anglais\/#primaryimage\",\"url\":\"https:\/\/www.bibliothequetourdaigues.fr\/wp-content\/uploads\/2024\/07\/girl-2771936_1280-2.jpg\",\"contentUrl\":\"https:\/\/www.bibliothequetourdaigues.fr\/wp-content\/uploads\/2024\/07\/girl-2771936_1280-2.jpg\",\"width\":788,\"height\":788},{\"@type\":\"BreadcrumbList\",\"@id\":\"https:\/\/www.bibliothequetourdaigues.fr\/index.php\/activites\/cercles-des-lecteurs\/cercle-des-lecteurs-en-anglais\/#breadcrumb\",\"itemListElement\":[{\"@type\":\"ListItem\",\"position\":1,\"name\":\"Accueil\",\"item\":\"https:\/\/www.bibliothequetourdaigues.fr\/\"},{\"@type\":\"ListItem\",\"position\":2,\"name\":\"Activit\u00e9s\",\"item\":\"https:\/\/www.bibliothequetourdaigues.fr\/index.php\/activites\/\"},{\"@type\":\"ListItem\",\"position\":3,\"name\":\"Cercles des lecteurs\",\"item\":\"https:\/\/www.bibliothequetourdaigues.fr\/index.php\/activites\/cercles-des-lecteurs\/\"},{\"@type\":\"ListItem\",\"position\":4,\"name\":\"Cercle des lecteurs en anglais\"}]},{\"@type\":\"WebSite\",\"@id\":\"https:\/\/www.bibliothequetourdaigues.fr\/#website\",\"url\":\"https:\/\/www.bibliothequetourdaigues.fr\/\",\"name\":\"Biblioth\u00e8que de La Tour d'Aigues\",\"description\":\"\",\"publisher\":{\"@id\":\"https:\/\/www.bibliothequetourdaigues.fr\/#organization\"},\"potentialAction\":[{\"@type\":\"SearchAction\",\"target\":{\"@type\":\"EntryPoint\",\"urlTemplate\":\"https:\/\/www.bibliothequetourdaigues.fr\/?s={search_term_string}\"},\"query-input\":\"required name=search_term_string\"}],\"inLanguage\":\"fr-FR\"},{\"@type\":\"Organization\",\"@id\":\"https:\/\/www.bibliothequetourdaigues.fr\/#organization\",\"name\":\"Biblioth\u00e8que de La Tour d'Aigues\",\"url\":\"https:\/\/www.bibliothequetourdaigues.fr\/\",\"logo\":{\"@type\":\"ImageObject\",\"inLanguage\":\"fr-FR\",\"@id\":\"https:\/\/www.bibliothequetourdaigues.fr\/#\/schema\/logo\/image\/\",\"url\":\"https:\/\/www.bibliothequetourdaigues.fr\/wp-content\/uploads\/2024\/07\/Small-Bibliotheque-logo-noir-horizontal.png\",\"contentUrl\":\"https:\/\/www.bibliothequetourdaigues.fr\/wp-content\/uploads\/2024\/07\/Small-Bibliotheque-logo-noir-horizontal.png\",\"width\":815,\"height\":179,\"caption\":\"Biblioth\u00e8que de La Tour d'Aigues\"},\"image\":{\"@id\":\"https:\/\/www.bibliothequetourdaigues.fr\/#\/schema\/logo\/image\/\"},\"sameAs\":[\"https:\/\/www.facebook.com\/biblio.la.tour.daigues\/?locale=fr_FR\",\"https:\/\/www.instagram.com\/bibliotheque.latourdaigues\/\"]}]}<\/script>\n<!-- \/ Yoast SEO plugin. -->","yoast_head_json":{"title":"Cercle des lecteurs en anglais - Biblioth\u00e8que de La Tour d&#039;Aigues","robots":{"index":"index","follow":"follow","max-snippet":"max-snippet:-1","max-image-preview":"max-image-preview:large","max-video-preview":"max-video-preview:-1"},"canonical":"https:\/\/www.bibliothequetourdaigues.fr\/index.php\/activites\/cercles-des-lecteurs\/cercle-des-lecteurs-en-anglais\/","og_locale":"fr_FR","og_type":"article","og_title":"Cercle des lecteurs en anglais - Biblioth\u00e8que de La Tour d&#039;Aigues","og_description":"Cercle des lecteur en anglais Bring your own book Le cercle des lecteurs en anglais se r\u00e9unit chaque...","og_url":"https:\/\/www.bibliothequetourdaigues.fr\/index.php\/activites\/cercles-des-lecteurs\/cercle-des-lecteurs-en-anglais\/","og_site_name":"Biblioth\u00e8que de La Tour d&#039;Aigues","article_publisher":"https:\/\/www.facebook.com\/biblio.la.tour.daigues\/?locale=fr_FR","article_modified_time":"2026-03-16T21:40:50+00:00","og_image":[{"url":"https:\/\/www.bibliothequetourdaigues.fr\/wp-content\/uploads\/2024\/07\/girl-2771936_1280-2.jpg"}],"twitter_card":"summary_large_image","twitter_misc":{"Dur\u00e9e de lecture estim\u00e9e":"1 minute"},"schema":{"@context":"https:\/\/schema.org","@graph":[{"@type":"WebPage","@id":"https:\/\/www.bibliothequetourdaigues.fr\/index.php\/activites\/cercles-des-lecteurs\/cercle-des-lecteurs-en-anglais\/","url":"https:\/\/www.bibliothequetourdaigues.fr\/index.php\/activites\/cercles-des-lecteurs\/cercle-des-lecteurs-en-anglais\/","name":"Cercle des lecteurs en anglais - Biblioth\u00e8que de La Tour d&#039;Aigues","isPartOf":{"@id":"https:\/\/www.bibliothequetourdaigues.fr\/#website"},"primaryImageOfPage":{"@id":"https:\/\/www.bibliothequetourdaigues.fr\/index.php\/activites\/cercles-des-lecteurs\/cercle-des-lecteurs-en-anglais\/#primaryimage"},"image":{"@id":"https:\/\/www.bibliothequetourdaigues.fr\/index.php\/activites\/cercles-des-lecteurs\/cercle-des-lecteurs-en-anglais\/#primaryimage"},"thumbnailUrl":"https:\/\/www.bibliothequetourdaigues.fr\/wp-content\/uploads\/2024\/07\/girl-2771936_1280-2.jpg","datePublished":"2024-07-01T18:54:54+00:00","dateModified":"2026-03-16T21:40:50+00:00","breadcrumb":{"@id":"https:\/\/www.bibliothequetourdaigues.fr\/index.php\/activites\/cercles-des-lecteurs\/cercle-des-lecteurs-en-anglais\/#breadcrumb"},"inLanguage":"fr-FR","potentialAction":[{"@type":"ReadAction","target":["https:\/\/www.bibliothequetourdaigues.fr\/index.php\/activites\/cercles-des-lecteurs\/cercle-des-lecteurs-en-anglais\/"]}]},{"@type":"ImageObject","inLanguage":"fr-FR","@id":"https:\/\/www.bibliothequetourdaigues.fr\/index.php\/activites\/cercles-des-lecteurs\/cercle-des-lecteurs-en-anglais\/#primaryimage","url":"https:\/\/www.bibliothequetourdaigues.fr\/wp-content\/uploads\/2024\/07\/girl-2771936_1280-2.jpg","contentUrl":"https:\/\/www.bibliothequetourdaigues.fr\/wp-content\/uploads\/2024\/07\/girl-2771936_1280-2.jpg","width":788,"height":788},{"@type":"BreadcrumbList","@id":"https:\/\/www.bibliothequetourdaigues.fr\/index.php\/activites\/cercles-des-lecteurs\/cercle-des-lecteurs-en-anglais\/#breadcrumb","itemListElement":[{"@type":"ListItem","position":1,"name":"Accueil","item":"https:\/\/www.bibliothequetourdaigues.fr\/"},{"@type":"ListItem","position":2,"name":"Activit\u00e9s","item":"https:\/\/www.bibliothequetourdaigues.fr\/index.php\/activites\/"},{"@type":"ListItem","position":3,"name":"Cercles des lecteurs","item":"https:\/\/www.bibliothequetourdaigues.fr\/index.php\/activites\/cercles-des-lecteurs\/"},{"@type":"ListItem","position":4,"name":"Cercle des lecteurs en anglais"}]},{"@type":"WebSite","@id":"https:\/\/www.bibliothequetourdaigues.fr\/#website","url":"https:\/\/www.bibliothequetourdaigues.fr\/","name":"Biblioth\u00e8que de La Tour d'Aigues","description":"","publisher":{"@id":"https:\/\/www.bibliothequetourdaigues.fr\/#organization"},"potentialAction":[{"@type":"SearchAction","target":{"@type":"EntryPoint","urlTemplate":"https:\/\/www.bibliothequetourdaigues.fr\/?s={search_term_string}"},"query-input":"required name=search_term_string"}],"inLanguage":"fr-FR"},{"@type":"Organization","@id":"https:\/\/www.bibliothequetourdaigues.fr\/#organization","name":"Biblioth\u00e8que de La Tour d'Aigues","url":"https:\/\/www.bibliothequetourdaigues.fr\/","logo":{"@type":"ImageObject","inLanguage":"fr-FR","@id":"https:\/\/www.bibliothequetourdaigues.fr\/#\/schema\/logo\/image\/","url":"https:\/\/www.bibliothequetourdaigues.fr\/wp-content\/uploads\/2024\/07\/Small-Bibliotheque-logo-noir-horizontal.png","contentUrl":"https:\/\/www.bibliothequetourdaigues.fr\/wp-content\/uploads\/2024\/07\/Small-Bibliotheque-logo-noir-horizontal.png","width":815,"height":179,"caption":"Biblioth\u00e8que de La Tour d'Aigues"},"image":{"@id":"https:\/\/www.bibliothequetourdaigues.fr\/#\/schema\/logo\/image\/"},"sameAs":["https:\/\/www.facebook.com\/biblio.la.tour.daigues\/?locale=fr_FR","https:\/\/www.instagram.com\/bibliotheque.latourdaigues\/"]}]}},"_links":{"self":[{"href":"https:\/\/www.bibliothequetourdaigues.fr\/index.php\/wp-json\/wp\/v2\/pages\/29824","targetHints":{"allow":["GET"]}}],"collection":[{"href":"https:\/\/www.bibliothequetourdaigues.fr\/index.php\/wp-json\/wp\/v2\/pages"}],"about":[{"href":"https:\/\/www.bibliothequetourdaigues.fr\/index.php\/wp-json\/wp\/v2\/types\/page"}],"author":[{"embeddable":true,"href":"https:\/\/www.bibliothequetourdaigues.fr\/index.php\/wp-json\/wp\/v2\/users\/1"}],"replies":[{"embeddable":true,"href":"https:\/\/www.bibliothequetourdaigues.fr\/index.php\/wp-json\/wp\/v2\/comments?post=29824"}],"version-history":[{"count":24,"href":"https:\/\/www.bibliothequetourdaigues.fr\/index.php\/wp-json\/wp\/v2\/pages\/29824\/revisions"}],"predecessor-version":[{"id":37262,"href":"https:\/\/www.bibliothequetourdaigues.fr\/index.php\/wp-json\/wp\/v2\/pages\/29824\/revisions\/37262"}],"up":[{"embeddable":true,"href":"https:\/\/www.bibliothequetourdaigues.fr\/index.php\/wp-json\/wp\/v2\/pages\/29821"}],"wp:attachment":[{"href":"https:\/\/www.bibliothequetourdaigues.fr\/index.php\/wp-json\/wp\/v2\/media?parent=29824"}],"curies":[{"name":"wp","href":"https:\/\/api.w.org\/{rel}","templated":true}]}}