{"id":34,"date":"2024-07-01T15:04:36","date_gmt":"2024-07-01T13:04:36","guid":{"rendered":"https:\/\/lis-ta-nature.fr\/?page_id=34"},"modified":"2024-09-05T14:48:48","modified_gmt":"2024-09-05T12:48:48","slug":"actions-seniors","status":"publish","type":"page","link":"https:\/\/www.bibliothequetourdaigues.fr\/index.php\/actions\/actions-seniors\/","title":{"rendered":"Seniors"},"content":{"rendered":"\t\t<div data-elementor-type=\"wp-page\" data-elementor-id=\"34\" class=\"elementor elementor-34\">\n\t\t\t\t<div class=\"elementor-element elementor-element-443a5bec e-flex e-con-boxed neuron-fixed-no e-con e-parent\" data-id=\"443a5bec\" data-element_type=\"container\">\n\t\t\t\t\t<div class=\"e-con-inner\">\n\t\t\t\t\t<\/div>\n\t\t\t\t<\/div>\n\t\t<div class=\"elementor-element elementor-element-7f884b27 e-flex e-con-boxed neuron-fixed-no e-con e-parent\" data-id=\"7f884b27\" data-element_type=\"container\">\n\t\t\t\t\t<div class=\"e-con-inner\">\n\t\t<div class=\"elementor-element elementor-element-37a838e7 e-con-full e-flex neuron-fixed-no e-con e-child\" data-id=\"37a838e7\" data-element_type=\"container\">\n\t\t\t\t<div class=\"elementor-element elementor-element-19bbfa83 elementor-widget elementor-widget-image\" data-id=\"19bbfa83\" data-element_type=\"widget\" data-widget_type=\"image.default\">\n\t\t\t\t<div class=\"elementor-widget-container\">\n\t\t\t<style>\/*! elementor - v3.23.0 - 05-08-2024 *\/\n.elementor-widget-image{text-align:center}.elementor-widget-image a{display:inline-block}.elementor-widget-image a img[src$=\".svg\"]{width:48px}.elementor-widget-image img{vertical-align:middle;display:inline-block}<\/style>\t\t\t\t\t\t\t\t\t\t<img fetchpriority=\"high\" decoding=\"async\" width=\"640\" height=\"427\" src=\"https:\/\/www.bibliothequetourdaigues.fr\/wp-content\/uploads\/2024\/08\/Lecture-vieillesse.jpg\" class=\"attachment-large size-large wp-image-31817\" alt=\"\" srcset=\"https:\/\/www.bibliothequetourdaigues.fr\/wp-content\/uploads\/2024\/08\/Lecture-vieillesse.jpg 640w, https:\/\/www.bibliothequetourdaigues.fr\/wp-content\/uploads\/2024\/08\/Lecture-vieillesse-300x200.jpg 300w\" sizes=\"(max-width: 640px) 100vw, 640px\" \/>\t\t\t\t\t\t\t\t\t\t\t\t\t<\/div>\n\t\t\t\t<\/div>\n\t\t\t\t<\/div>\n\t\t<div class=\"elementor-element elementor-element-1952ab43 e-con-full e-flex neuron-fixed-no e-con e-child\" data-id=\"1952ab43\" data-element_type=\"container\">\n\t\t\t\t<div class=\"elementor-element elementor-element-2af33246 elementor-widget elementor-widget-heading\" data-id=\"2af33246\" data-element_type=\"widget\" data-widget_type=\"heading.default\">\n\t\t\t\t<div class=\"elementor-widget-container\">\n\t\t\t<style>\/*! elementor - v3.23.0 - 05-08-2024 *\/\n.elementor-heading-title{padding:0;margin:0;line-height:1}.elementor-widget-heading .elementor-heading-title[class*=elementor-size-]>a{color:inherit;font-size:inherit;line-height:inherit}.elementor-widget-heading .elementor-heading-title.elementor-size-small{font-size:15px}.elementor-widget-heading .elementor-heading-title.elementor-size-medium{font-size:19px}.elementor-widget-heading .elementor-heading-title.elementor-size-large{font-size:29px}.elementor-widget-heading .elementor-heading-title.elementor-size-xl{font-size:39px}.elementor-widget-heading .elementor-heading-title.elementor-size-xxl{font-size:59px}<\/style><h2 class=\"elementor-heading-title elementor-size-default\">S\u00e9niors<\/h2>\t\t<\/div>\n\t\t\t\t<\/div>\n\t\t\t\t<div class=\"elementor-element elementor-element-5a7f662f elementor-widget__width-initial elementor-widget elementor-widget-text-editor\" data-id=\"5a7f662f\" data-element_type=\"widget\" data-widget_type=\"text-editor.default\">\n\t\t\t\t<div class=\"elementor-widget-container\">\n\t\t\t<style>\/*! elementor - v3.23.0 - 05-08-2024 *\/\n.elementor-widget-text-editor.elementor-drop-cap-view-stacked .elementor-drop-cap{background-color:#69727d;color:#fff}.elementor-widget-text-editor.elementor-drop-cap-view-framed .elementor-drop-cap{color:#69727d;border:3px solid;background-color:transparent}.elementor-widget-text-editor:not(.elementor-drop-cap-view-default) .elementor-drop-cap{margin-top:8px}.elementor-widget-text-editor:not(.elementor-drop-cap-view-default) .elementor-drop-cap-letter{width:1em;height:1em}.elementor-widget-text-editor .elementor-drop-cap{float:left;text-align:center;line-height:1;font-size:50px}.elementor-widget-text-editor .elementor-drop-cap-letter{display:inline-block}<\/style>\t\t\t\t<p class=\"Corps\">La biblioth\u00e8que propose un rendez-vous r\u00e9gulier aux r\u00e9sidents de l&rsquo;Ehpad <em>Partage et vie<\/em> situ\u00e9 au c\u0153ur du village.<\/p><div>Les biblioth\u00e9caires, \u00e0 l\u2019\u00e9coute de leurs besoins, offrent ainsi aux quarante-cinq r\u00e9sidents en grand \u00e2ge, et souvent en \u00e9tat de grande fragilit\u00e9, une ouverture sur l\u2019ext\u00e9rieur, un temps d\u2019\u00e9change autour du livre et de la lecture.<\/div>\t\t\t\t\t\t<\/div>\n\t\t\t\t<\/div>\n\t\t\t\t<div class=\"elementor-element elementor-element-1df7b34a elementor-widget elementor-widget-heading\" data-id=\"1df7b34a\" data-element_type=\"widget\" data-widget_type=\"heading.default\">\n\t\t\t\t<div class=\"elementor-widget-container\">\n\t\t\t<h2 class=\"elementor-heading-title elementor-size-default\">La biblioth\u00e8que<\/h2>\t\t<\/div>\n\t\t\t\t<\/div>\n\t\t\t\t<div class=\"elementor-element elementor-element-6e823a31 elementor-icon-list--layout-traditional elementor-list-item-link-full_width elementor-widget elementor-widget-icon-list\" data-id=\"6e823a31\" data-element_type=\"widget\" data-widget_type=\"icon-list.default\">\n\t\t\t\t<div class=\"elementor-widget-container\">\n\t\t\t<link rel=\"stylesheet\" href=\"https:\/\/www.bibliothequetourdaigues.fr\/wp-content\/plugins\/elementor\/assets\/css\/widget-icon-list.min.css\">\t\t<ul class=\"elementor-icon-list-items\">\n\t\t\t\t\t\t\t<li class=\"elementor-icon-list-item\">\n\t\t\t\t\t\t\t\t\t\t\t<span class=\"elementor-icon-list-icon\">\n\t\t\t\t\t\t\t<svg aria-hidden=\"true\" class=\"e-font-icon-svg e-fas-angle-double-right\" viewBox=\"0 0 448 512\" xmlns=\"http:\/\/www.w3.org\/2000\/svg\"><path d=\"M224.3 273l-136 136c-9.4 9.4-24.6 9.4-33.9 0l-22.6-22.6c-9.4-9.4-9.4-24.6 0-33.9l96.4-96.4-96.4-96.4c-9.4-9.4-9.4-24.6 0-33.9L54.3 103c9.4-9.4 24.6-9.4 33.9 0l136 136c9.5 9.4 9.5 24.6.1 34zm192-34l-136-136c-9.4-9.4-24.6-9.4-33.9 0l-22.6 22.6c-9.4 9.4-9.4 24.6 0 33.9l96.4 96.4-96.4 96.4c-9.4 9.4-9.4 24.6 0 33.9l22.6 22.6c9.4 9.4 24.6 9.4 33.9 0l136-136c9.4-9.2 9.4-24.4 0-33.8z\"><\/path><\/svg>\t\t\t\t\t\t<\/span>\n\t\t\t\t\t\t\t\t\t\t<span class=\"elementor-icon-list-text\">Intervient une fois par mois dans l'\u00e9tablissement<\/span>\n\t\t\t\t\t\t\t\t\t<\/li>\n\t\t\t\t\t\t\t\t<li class=\"elementor-icon-list-item\">\n\t\t\t\t\t\t\t\t\t\t\t<span class=\"elementor-icon-list-icon\">\n\t\t\t\t\t\t\t<svg aria-hidden=\"true\" class=\"e-font-icon-svg e-fas-angle-double-right\" viewBox=\"0 0 448 512\" xmlns=\"http:\/\/www.w3.org\/2000\/svg\"><path d=\"M224.3 273l-136 136c-9.4 9.4-24.6 9.4-33.9 0l-22.6-22.6c-9.4-9.4-9.4-24.6 0-33.9l96.4-96.4-96.4-96.4c-9.4-9.4-9.4-24.6 0-33.9L54.3 103c9.4-9.4 24.6-9.4 33.9 0l136 136c9.5 9.4 9.5 24.6.1 34zm192-34l-136-136c-9.4-9.4-24.6-9.4-33.9 0l-22.6 22.6c-9.4 9.4-9.4 24.6 0 33.9l96.4 96.4-96.4 96.4c-9.4 9.4-9.4 24.6 0 33.9l22.6 22.6c9.4 9.4 24.6 9.4 33.9 0l136-136c9.4-9.2 9.4-24.4 0-33.8z\"><\/path><\/svg>\t\t\t\t\t\t<\/span>\n\t\t\t\t\t\t\t\t\t\t<span class=\"elementor-icon-list-text\">Contribue \u00e0 maintenir le lien social indispensable avec l\u2019ext\u00e9rieur<\/span>\n\t\t\t\t\t\t\t\t\t<\/li>\n\t\t\t\t\t\t<\/ul>\n\t\t\t\t<\/div>\n\t\t\t\t<\/div>\n\t\t\t\t<\/div>\n\t\t\t\t\t<\/div>\n\t\t\t\t<\/div>\n\t\t<div class=\"elementor-element elementor-element-120187b7 e-grid e-con-boxed neuron-fixed-no e-con e-parent\" data-id=\"120187b7\" data-element_type=\"container\">\n\t\t\t\t\t<div class=\"e-con-inner\">\n\t\t<div class=\"elementor-element elementor-element-7dd21eb6 e-con-full e-flex neuron-fixed-no e-con e-child\" data-id=\"7dd21eb6\" data-element_type=\"container\" data-settings=\"{&quot;background_background&quot;:&quot;classic&quot;}\">\n\t\t<div class=\"elementor-element elementor-element-2a3a9dd1 e-grid e-con-full neuron-fixed-no e-con e-child\" data-id=\"2a3a9dd1\" data-element_type=\"container\" data-settings=\"{&quot;background_background&quot;:&quot;classic&quot;}\">\n\t\t\t\t<div class=\"elementor-element elementor-element-0a32ab0 elementor-align-center elementor-widget__width-initial elementor-widget elementor-widget-button\" data-id=\"0a32ab0\" data-element_type=\"widget\" data-widget_type=\"button.default\">\n\t\t\t\t<div class=\"elementor-widget-container\">\n\t\t\t\t\t<div class=\"elementor-button-wrapper\">\n\t\t\t<a class=\"elementor-button elementor-size-sm\" role=\"button\">\n\t\t\t\t\t\t<span class=\"elementor-button-content-wrapper\">\n\t\t\t\t\t\t\t\t\t<span class=\"elementor-button-text\">En adh\u00e9rant \u00e0 la biblioth\u00e8que je soutiens ses actions<\/span>\n\t\t\t\t\t<\/span>\n\t\t\t\t\t<\/a>\n\t\t<\/div>\n\t\t\t\t<\/div>\n\t\t\t\t<\/div>\n\t\t\t\t<div class=\"elementor-element elementor-element-64317420 elementor-align-center elementor-widget__width-initial elementor-widget elementor-widget-button\" data-id=\"64317420\" data-element_type=\"widget\" data-widget_type=\"button.default\">\n\t\t\t\t<div class=\"elementor-widget-container\">\n\t\t\t\t\t<div class=\"elementor-button-wrapper\">\n\t\t\t<a class=\"elementor-button elementor-button-link elementor-size-sm\" href=\"https:\/\/www.bibliothequetourdaigues.fr\/index.php\/bibliotheque\/pratique\/adherer\/\" target=\"_blank\">\n\t\t\t\t\t\t<span class=\"elementor-button-content-wrapper\">\n\t\t\t\t\t\t\t\t\t<span class=\"elementor-button-text\">J'ADH\u00c8RE<\/span>\n\t\t\t\t\t<\/span>\n\t\t\t\t\t<\/a>\n\t\t<\/div>\n\t\t\t\t<\/div>\n\t\t\t\t<\/div>\n\t\t\t\t<\/div>\n\t\t\t\t<\/div>\n\t\t\t\t\t<\/div>\n\t\t\t\t<\/div>\n\t\t\t\t<\/div>\n\t\t","protected":false},"excerpt":{"rendered":"<p>S\u00e9niors La biblioth\u00e8que propose un rendez-vous r\u00e9gulier aux r\u00e9sidents de l&rsquo;Ehpad Partage et vie situ\u00e9 au c\u0153ur du&#8230;<\/p>\n","protected":false},"author":1,"featured_media":0,"parent":40,"menu_order":3,"comment_status":"closed","ping_status":"closed","template":"","meta":{"_acf_changed":false,"footnotes":""},"class_list":["post-34","page","type-page","status-publish","hentry"],"acf":[],"yoast_head":"<!-- This site is optimized with the Yoast SEO plugin v23.2 - https:\/\/yoast.com\/wordpress\/plugins\/seo\/ -->\n<title>Seniors - Biblioth\u00e8que de La Tour d&#039;Aigues<\/title>\n<meta name=\"robots\" content=\"index, follow, max-snippet:-1, max-image-preview:large, max-video-preview:-1\" \/>\n<link rel=\"canonical\" href=\"https:\/\/www.bibliothequetourdaigues.fr\/index.php\/actions\/actions-seniors\/\" \/>\n<meta property=\"og:locale\" content=\"fr_FR\" \/>\n<meta property=\"og:type\" content=\"article\" \/>\n<meta property=\"og:title\" content=\"Seniors - Biblioth\u00e8que de La Tour d&#039;Aigues\" \/>\n<meta property=\"og:description\" content=\"S\u00e9niors La biblioth\u00e8que propose un rendez-vous r\u00e9gulier aux r\u00e9sidents de l&rsquo;Ehpad Partage et vie situ\u00e9 au c\u0153ur du...\" \/>\n<meta property=\"og:url\" content=\"https:\/\/www.bibliothequetourdaigues.fr\/index.php\/actions\/actions-seniors\/\" \/>\n<meta property=\"og:site_name\" content=\"Biblioth\u00e8que de La Tour d&#039;Aigues\" \/>\n<meta property=\"article:publisher\" content=\"https:\/\/www.facebook.com\/biblio.la.tour.daigues\/?locale=fr_FR\" \/>\n<meta property=\"article:modified_time\" content=\"2024-09-05T12:48:48+00:00\" \/>\n<meta property=\"og:image\" content=\"https:\/\/www.bibliothequetourdaigues.fr\/wp-content\/uploads\/2024\/08\/Lecture-vieillesse.jpg\" \/>\n<meta name=\"twitter:card\" content=\"summary_large_image\" \/>\n<meta name=\"twitter:label1\" content=\"Dur\u00e9e de lecture estim\u00e9e\" \/>\n\t<meta name=\"twitter:data1\" content=\"1 minute\" \/>\n<script type=\"application\/ld+json\" class=\"yoast-schema-graph\">{\"@context\":\"https:\/\/schema.org\",\"@graph\":[{\"@type\":\"WebPage\",\"@id\":\"https:\/\/www.bibliothequetourdaigues.fr\/index.php\/actions\/actions-seniors\/\",\"url\":\"https:\/\/www.bibliothequetourdaigues.fr\/index.php\/actions\/actions-seniors\/\",\"name\":\"Seniors - Biblioth\u00e8que de La Tour d&#039;Aigues\",\"isPartOf\":{\"@id\":\"https:\/\/www.bibliothequetourdaigues.fr\/#website\"},\"primaryImageOfPage\":{\"@id\":\"https:\/\/www.bibliothequetourdaigues.fr\/index.php\/actions\/actions-seniors\/#primaryimage\"},\"image\":{\"@id\":\"https:\/\/www.bibliothequetourdaigues.fr\/index.php\/actions\/actions-seniors\/#primaryimage\"},\"thumbnailUrl\":\"https:\/\/www.bibliothequetourdaigues.fr\/wp-content\/uploads\/2024\/08\/Lecture-vieillesse.jpg\",\"datePublished\":\"2024-07-01T13:04:36+00:00\",\"dateModified\":\"2024-09-05T12:48:48+00:00\",\"breadcrumb\":{\"@id\":\"https:\/\/www.bibliothequetourdaigues.fr\/index.php\/actions\/actions-seniors\/#breadcrumb\"},\"inLanguage\":\"fr-FR\",\"potentialAction\":[{\"@type\":\"ReadAction\",\"target\":[\"https:\/\/www.bibliothequetourdaigues.fr\/index.php\/actions\/actions-seniors\/\"]}]},{\"@type\":\"ImageObject\",\"inLanguage\":\"fr-FR\",\"@id\":\"https:\/\/www.bibliothequetourdaigues.fr\/index.php\/actions\/actions-seniors\/#primaryimage\",\"url\":\"https:\/\/www.bibliothequetourdaigues.fr\/wp-content\/uploads\/2024\/08\/Lecture-vieillesse.jpg\",\"contentUrl\":\"https:\/\/www.bibliothequetourdaigues.fr\/wp-content\/uploads\/2024\/08\/Lecture-vieillesse.jpg\",\"width\":640,\"height\":427},{\"@type\":\"BreadcrumbList\",\"@id\":\"https:\/\/www.bibliothequetourdaigues.fr\/index.php\/actions\/actions-seniors\/#breadcrumb\",\"itemListElement\":[{\"@type\":\"ListItem\",\"position\":1,\"name\":\"Accueil\",\"item\":\"https:\/\/www.bibliothequetourdaigues.fr\/\"},{\"@type\":\"ListItem\",\"position\":2,\"name\":\"Actions\",\"item\":\"https:\/\/www.bibliothequetourdaigues.fr\/index.php\/actions\/\"},{\"@type\":\"ListItem\",\"position\":3,\"name\":\"Seniors\"}]},{\"@type\":\"WebSite\",\"@id\":\"https:\/\/www.bibliothequetourdaigues.fr\/#website\",\"url\":\"https:\/\/www.bibliothequetourdaigues.fr\/\",\"name\":\"Biblioth\u00e8que de La Tour d'Aigues\",\"description\":\"\",\"publisher\":{\"@id\":\"https:\/\/www.bibliothequetourdaigues.fr\/#organization\"},\"potentialAction\":[{\"@type\":\"SearchAction\",\"target\":{\"@type\":\"EntryPoint\",\"urlTemplate\":\"https:\/\/www.bibliothequetourdaigues.fr\/?s={search_term_string}\"},\"query-input\":\"required name=search_term_string\"}],\"inLanguage\":\"fr-FR\"},{\"@type\":\"Organization\",\"@id\":\"https:\/\/www.bibliothequetourdaigues.fr\/#organization\",\"name\":\"Biblioth\u00e8que de La Tour d'Aigues\",\"url\":\"https:\/\/www.bibliothequetourdaigues.fr\/\",\"logo\":{\"@type\":\"ImageObject\",\"inLanguage\":\"fr-FR\",\"@id\":\"https:\/\/www.bibliothequetourdaigues.fr\/#\/schema\/logo\/image\/\",\"url\":\"https:\/\/www.bibliothequetourdaigues.fr\/wp-content\/uploads\/2024\/07\/Small-Bibliotheque-logo-noir-horizontal.png\",\"contentUrl\":\"https:\/\/www.bibliothequetourdaigues.fr\/wp-content\/uploads\/2024\/07\/Small-Bibliotheque-logo-noir-horizontal.png\",\"width\":815,\"height\":179,\"caption\":\"Biblioth\u00e8que de La Tour d'Aigues\"},\"image\":{\"@id\":\"https:\/\/www.bibliothequetourdaigues.fr\/#\/schema\/logo\/image\/\"},\"sameAs\":[\"https:\/\/www.facebook.com\/biblio.la.tour.daigues\/?locale=fr_FR\",\"https:\/\/www.instagram.com\/bibliotheque.latourdaigues\/\"]}]}<\/script>\n<!-- \/ Yoast SEO plugin. -->","yoast_head_json":{"title":"Seniors - Biblioth\u00e8que de La Tour d&#039;Aigues","robots":{"index":"index","follow":"follow","max-snippet":"max-snippet:-1","max-image-preview":"max-image-preview:large","max-video-preview":"max-video-preview:-1"},"canonical":"https:\/\/www.bibliothequetourdaigues.fr\/index.php\/actions\/actions-seniors\/","og_locale":"fr_FR","og_type":"article","og_title":"Seniors - Biblioth\u00e8que de La Tour d&#039;Aigues","og_description":"S\u00e9niors La biblioth\u00e8que propose un rendez-vous r\u00e9gulier aux r\u00e9sidents de l&rsquo;Ehpad Partage et vie situ\u00e9 au c\u0153ur du...","og_url":"https:\/\/www.bibliothequetourdaigues.fr\/index.php\/actions\/actions-seniors\/","og_site_name":"Biblioth\u00e8que de La Tour d&#039;Aigues","article_publisher":"https:\/\/www.facebook.com\/biblio.la.tour.daigues\/?locale=fr_FR","article_modified_time":"2024-09-05T12:48:48+00:00","og_image":[{"url":"https:\/\/www.bibliothequetourdaigues.fr\/wp-content\/uploads\/2024\/08\/Lecture-vieillesse.jpg"}],"twitter_card":"summary_large_image","twitter_misc":{"Dur\u00e9e de lecture estim\u00e9e":"1 minute"},"schema":{"@context":"https:\/\/schema.org","@graph":[{"@type":"WebPage","@id":"https:\/\/www.bibliothequetourdaigues.fr\/index.php\/actions\/actions-seniors\/","url":"https:\/\/www.bibliothequetourdaigues.fr\/index.php\/actions\/actions-seniors\/","name":"Seniors - Biblioth\u00e8que de La Tour d&#039;Aigues","isPartOf":{"@id":"https:\/\/www.bibliothequetourdaigues.fr\/#website"},"primaryImageOfPage":{"@id":"https:\/\/www.bibliothequetourdaigues.fr\/index.php\/actions\/actions-seniors\/#primaryimage"},"image":{"@id":"https:\/\/www.bibliothequetourdaigues.fr\/index.php\/actions\/actions-seniors\/#primaryimage"},"thumbnailUrl":"https:\/\/www.bibliothequetourdaigues.fr\/wp-content\/uploads\/2024\/08\/Lecture-vieillesse.jpg","datePublished":"2024-07-01T13:04:36+00:00","dateModified":"2024-09-05T12:48:48+00:00","breadcrumb":{"@id":"https:\/\/www.bibliothequetourdaigues.fr\/index.php\/actions\/actions-seniors\/#breadcrumb"},"inLanguage":"fr-FR","potentialAction":[{"@type":"ReadAction","target":["https:\/\/www.bibliothequetourdaigues.fr\/index.php\/actions\/actions-seniors\/"]}]},{"@type":"ImageObject","inLanguage":"fr-FR","@id":"https:\/\/www.bibliothequetourdaigues.fr\/index.php\/actions\/actions-seniors\/#primaryimage","url":"https:\/\/www.bibliothequetourdaigues.fr\/wp-content\/uploads\/2024\/08\/Lecture-vieillesse.jpg","contentUrl":"https:\/\/www.bibliothequetourdaigues.fr\/wp-content\/uploads\/2024\/08\/Lecture-vieillesse.jpg","width":640,"height":427},{"@type":"BreadcrumbList","@id":"https:\/\/www.bibliothequetourdaigues.fr\/index.php\/actions\/actions-seniors\/#breadcrumb","itemListElement":[{"@type":"ListItem","position":1,"name":"Accueil","item":"https:\/\/www.bibliothequetourdaigues.fr\/"},{"@type":"ListItem","position":2,"name":"Actions","item":"https:\/\/www.bibliothequetourdaigues.fr\/index.php\/actions\/"},{"@type":"ListItem","position":3,"name":"Seniors"}]},{"@type":"WebSite","@id":"https:\/\/www.bibliothequetourdaigues.fr\/#website","url":"https:\/\/www.bibliothequetourdaigues.fr\/","name":"Biblioth\u00e8que de La Tour d'Aigues","description":"","publisher":{"@id":"https:\/\/www.bibliothequetourdaigues.fr\/#organization"},"potentialAction":[{"@type":"SearchAction","target":{"@type":"EntryPoint","urlTemplate":"https:\/\/www.bibliothequetourdaigues.fr\/?s={search_term_string}"},"query-input":"required name=search_term_string"}],"inLanguage":"fr-FR"},{"@type":"Organization","@id":"https:\/\/www.bibliothequetourdaigues.fr\/#organization","name":"Biblioth\u00e8que de La Tour d'Aigues","url":"https:\/\/www.bibliothequetourdaigues.fr\/","logo":{"@type":"ImageObject","inLanguage":"fr-FR","@id":"https:\/\/www.bibliothequetourdaigues.fr\/#\/schema\/logo\/image\/","url":"https:\/\/www.bibliothequetourdaigues.fr\/wp-content\/uploads\/2024\/07\/Small-Bibliotheque-logo-noir-horizontal.png","contentUrl":"https:\/\/www.bibliothequetourdaigues.fr\/wp-content\/uploads\/2024\/07\/Small-Bibliotheque-logo-noir-horizontal.png","width":815,"height":179,"caption":"Biblioth\u00e8que de La Tour d'Aigues"},"image":{"@id":"https:\/\/www.bibliothequetourdaigues.fr\/#\/schema\/logo\/image\/"},"sameAs":["https:\/\/www.facebook.com\/biblio.la.tour.daigues\/?locale=fr_FR","https:\/\/www.instagram.com\/bibliotheque.latourdaigues\/"]}]}},"_links":{"self":[{"href":"https:\/\/www.bibliothequetourdaigues.fr\/index.php\/wp-json\/wp\/v2\/pages\/34","targetHints":{"allow":["GET"]}}],"collection":[{"href":"https:\/\/www.bibliothequetourdaigues.fr\/index.php\/wp-json\/wp\/v2\/pages"}],"about":[{"href":"https:\/\/www.bibliothequetourdaigues.fr\/index.php\/wp-json\/wp\/v2\/types\/page"}],"author":[{"embeddable":true,"href":"https:\/\/www.bibliothequetourdaigues.fr\/index.php\/wp-json\/wp\/v2\/users\/1"}],"replies":[{"embeddable":true,"href":"https:\/\/www.bibliothequetourdaigues.fr\/index.php\/wp-json\/wp\/v2\/comments?post=34"}],"version-history":[{"count":24,"href":"https:\/\/www.bibliothequetourdaigues.fr\/index.php\/wp-json\/wp\/v2\/pages\/34\/revisions"}],"predecessor-version":[{"id":32364,"href":"https:\/\/www.bibliothequetourdaigues.fr\/index.php\/wp-json\/wp\/v2\/pages\/34\/revisions\/32364"}],"up":[{"embeddable":true,"href":"https:\/\/www.bibliothequetourdaigues.fr\/index.php\/wp-json\/wp\/v2\/pages\/40"}],"wp:attachment":[{"href":"https:\/\/www.bibliothequetourdaigues.fr\/index.php\/wp-json\/wp\/v2\/media?parent=34"}],"curies":[{"name":"wp","href":"https:\/\/api.w.org\/{rel}","templated":true}]}}