{"id":64,"date":"2024-07-01T15:38:48","date_gmt":"2024-07-01T13:38:48","guid":{"rendered":"https:\/\/lis-ta-nature.fr\/?page_id=64"},"modified":"2024-08-24T07:49:34","modified_gmt":"2024-08-24T05:49:34","slug":"les-devoirs-des-copains","status":"publish","type":"page","link":"https:\/\/www.bibliothequetourdaigues.fr\/index.php\/activites\/soutien-scolaire\/les-devoirs-des-copains\/","title":{"rendered":"Les devoirs des copains"},"content":{"rendered":"\t\t<div data-elementor-type=\"wp-page\" data-elementor-id=\"64\" class=\"elementor elementor-64\">\n\t\t\t\t<div class=\"elementor-element elementor-element-44287dbf e-flex e-con-boxed neuron-fixed-no e-con e-parent\" data-id=\"44287dbf\" data-element_type=\"container\">\n\t\t\t\t\t<div class=\"e-con-inner\">\n\t\t\t\t\t<\/div>\n\t\t\t\t<\/div>\n\t\t<div class=\"elementor-element elementor-element-20991b0f e-flex e-con-boxed neuron-fixed-no e-con e-parent\" data-id=\"20991b0f\" data-element_type=\"container\">\n\t\t\t\t\t<div class=\"e-con-inner\">\n\t\t<div class=\"elementor-element elementor-element-2ad8fea0 e-con-full e-flex neuron-fixed-no e-con e-child\" data-id=\"2ad8fea0\" data-element_type=\"container\">\n\t\t\t\t<div class=\"elementor-element elementor-element-13a0fb08 elementor-widget elementor-widget-image\" data-id=\"13a0fb08\" data-element_type=\"widget\" data-widget_type=\"image.default\">\n\t\t\t\t<div class=\"elementor-widget-container\">\n\t\t\t\t\t\t\t\t\t\t\t\t\t<img fetchpriority=\"high\" decoding=\"async\" width=\"640\" height=\"427\" src=\"https:\/\/www.bibliothequetourdaigues.fr\/wp-content\/uploads\/2024\/07\/Devoirs.jpg\" class=\"attachment-large size-large wp-image-29302\" alt=\"\" srcset=\"https:\/\/www.bibliothequetourdaigues.fr\/wp-content\/uploads\/2024\/07\/Devoirs.jpg 640w, https:\/\/www.bibliothequetourdaigues.fr\/wp-content\/uploads\/2024\/07\/Devoirs-300x200.jpg 300w\" sizes=\"(max-width: 640px) 100vw, 640px\" \/>\t\t\t\t\t\t\t\t\t\t\t\t\t<\/div>\n\t\t\t\t<\/div>\n\t\t\t\t<div class=\"elementor-element elementor-element-51f37534 elementor-widget__width-initial elementor-widget elementor-widget-text-editor\" data-id=\"51f37534\" data-element_type=\"widget\" data-widget_type=\"text-editor.default\">\n\t\t\t\t<div class=\"elementor-widget-container\">\n\t\t\t\t\t\t\t<p>Soutien scolaire<br \/>pour les enfants du primaire<\/p>\t\t\t\t\t\t<\/div>\n\t\t\t\t<\/div>\n\t\t\t\t<div class=\"elementor-element elementor-element-7b2d0ec0 elementor-widget__width-initial elementor-widget elementor-widget-text-editor\" data-id=\"7b2d0ec0\" data-element_type=\"widget\" data-widget_type=\"text-editor.default\">\n\t\t\t\t<div class=\"elementor-widget-container\">\n\t\t\t\t\t\t\t<p><em>Les lundis et jeudis de 16h45 \u00e0 17h45.<\/em><\/p>\t\t\t\t\t\t<\/div>\n\t\t\t\t<\/div>\n\t\t\t\t<\/div>\n\t\t<div class=\"elementor-element elementor-element-4c07470f e-con-full e-flex neuron-fixed-no e-con e-child\" data-id=\"4c07470f\" data-element_type=\"container\">\n\t\t\t\t<div class=\"elementor-element elementor-element-7398daf9 elementor-widget elementor-widget-heading\" data-id=\"7398daf9\" data-element_type=\"widget\" data-widget_type=\"heading.default\">\n\t\t\t\t<div class=\"elementor-widget-container\">\n\t\t\t<h2 class=\"elementor-heading-title elementor-size-default\">LEs devoirs des copains<\/h2>\t\t<\/div>\n\t\t\t\t<\/div>\n\t\t\t\t<div class=\"elementor-element elementor-element-6a2eed85 elementor-widget__width-initial elementor-widget elementor-widget-text-editor\" data-id=\"6a2eed85\" data-element_type=\"widget\" data-widget_type=\"text-editor.default\">\n\t\t\t\t<div class=\"elementor-widget-container\">\n\t\t\t\t\t\t\t<p>La biblioth\u00e8que vous propose d&rsquo;accueillir vos enfants inscrits \u00e0 l&rsquo;\u00e9cole primaire, apr\u00e8s la classe, pour qu&rsquo;ils puissent faire leurs devoirs dans une bonne ambiance et encadr\u00e9s par des adultes comp\u00e9tents.<\/p><p>La participation des enfants est propos\u00e9e par l&rsquo;enseignant.<br \/><span style=\"font-size: 14px; letter-spacing: 0px; text-align: var(--text-align);\">Rapprochez-vous de l&rsquo;instituteur ou de l&rsquo;institutrice de votre enfant pour en \u00e9valuer la n\u00e9cessit\u00e9.<\/span><\/p><p><span style=\"font-size: 14px; letter-spacing: 0px; text-align: var(--text-align);\">Vous devez \u00eatre domicili\u00e9 \u00e0 La Tour-d&rsquo;Aigues<\/span><\/p>\t\t\t\t\t\t<\/div>\n\t\t\t\t<\/div>\n\t\t\t\t<div class=\"elementor-element elementor-element-1be726eb elementor-icon-list--layout-traditional elementor-list-item-link-full_width elementor-widget elementor-widget-icon-list\" data-id=\"1be726eb\" data-element_type=\"widget\" data-widget_type=\"icon-list.default\">\n\t\t\t\t<div class=\"elementor-widget-container\">\n\t\t\t\t\t<ul class=\"elementor-icon-list-items\">\n\t\t\t\t\t\t\t<li class=\"elementor-icon-list-item\">\n\t\t\t\t\t\t\t\t\t\t\t<span class=\"elementor-icon-list-icon\">\n\t\t\t\t\t\t\t<svg aria-hidden=\"true\" class=\"e-font-icon-svg e-fas-angle-double-right\" viewBox=\"0 0 448 512\" xmlns=\"http:\/\/www.w3.org\/2000\/svg\"><path d=\"M224.3 273l-136 136c-9.4 9.4-24.6 9.4-33.9 0l-22.6-22.6c-9.4-9.4-9.4-24.6 0-33.9l96.4-96.4-96.4-96.4c-9.4-9.4-9.4-24.6 0-33.9L54.3 103c9.4-9.4 24.6-9.4 33.9 0l136 136c9.5 9.4 9.5 24.6.1 34zm192-34l-136-136c-9.4-9.4-24.6-9.4-33.9 0l-22.6 22.6c-9.4 9.4-9.4 24.6 0 33.9l96.4 96.4-96.4 96.4c-9.4 9.4-9.4 24.6 0 33.9l22.6 22.6c9.4 9.4 24.6 9.4 33.9 0l136-136c9.4-9.2 9.4-24.4 0-33.8z\"><\/path><\/svg>\t\t\t\t\t\t<\/span>\n\t\t\t\t\t\t\t\t\t\t<span class=\"elementor-icon-list-text\">Une \u00e9quipe d\u2019adultes b\u00e9n\u00e9voles<\/span>\n\t\t\t\t\t\t\t\t\t<\/li>\n\t\t\t\t\t\t\t\t<li class=\"elementor-icon-list-item\">\n\t\t\t\t\t\t\t\t\t\t\t<span class=\"elementor-icon-list-icon\">\n\t\t\t\t\t\t\t<svg aria-hidden=\"true\" class=\"e-font-icon-svg e-fas-angle-double-right\" viewBox=\"0 0 448 512\" xmlns=\"http:\/\/www.w3.org\/2000\/svg\"><path d=\"M224.3 273l-136 136c-9.4 9.4-24.6 9.4-33.9 0l-22.6-22.6c-9.4-9.4-9.4-24.6 0-33.9l96.4-96.4-96.4-96.4c-9.4-9.4-9.4-24.6 0-33.9L54.3 103c9.4-9.4 24.6-9.4 33.9 0l136 136c9.5 9.4 9.5 24.6.1 34zm192-34l-136-136c-9.4-9.4-24.6-9.4-33.9 0l-22.6 22.6c-9.4 9.4-9.4 24.6 0 33.9l96.4 96.4-96.4 96.4c-9.4 9.4-9.4 24.6 0 33.9l22.6 22.6c9.4 9.4 24.6 9.4 33.9 0l136-136c9.4-9.2 9.4-24.4 0-33.8z\"><\/path><\/svg>\t\t\t\t\t\t<\/span>\n\t\t\t\t\t\t\t\t\t\t<span class=\"elementor-icon-list-text\">Un cadre privil\u00e9gi\u00e9 pour travailler en toute tranquillit\u00e9<\/span>\n\t\t\t\t\t\t\t\t\t<\/li>\n\t\t\t\t\t\t\t\t<li class=\"elementor-icon-list-item\">\n\t\t\t\t\t\t\t\t\t\t\t<span class=\"elementor-icon-list-icon\">\n\t\t\t\t\t\t\t<svg aria-hidden=\"true\" class=\"e-font-icon-svg e-fas-angle-double-right\" viewBox=\"0 0 448 512\" xmlns=\"http:\/\/www.w3.org\/2000\/svg\"><path d=\"M224.3 273l-136 136c-9.4 9.4-24.6 9.4-33.9 0l-22.6-22.6c-9.4-9.4-9.4-24.6 0-33.9l96.4-96.4-96.4-96.4c-9.4-9.4-9.4-24.6 0-33.9L54.3 103c9.4-9.4 24.6-9.4 33.9 0l136 136c9.5 9.4 9.5 24.6.1 34zm192-34l-136-136c-9.4-9.4-24.6-9.4-33.9 0l-22.6 22.6c-9.4 9.4-9.4 24.6 0 33.9l96.4 96.4-96.4 96.4c-9.4 9.4-9.4 24.6 0 33.9l22.6 22.6c9.4 9.4 24.6 9.4 33.9 0l136-136c9.4-9.2 9.4-24.4 0-33.8z\"><\/path><\/svg>\t\t\t\t\t\t<\/span>\n\t\t\t\t\t\t\t\t\t\t<span class=\"elementor-icon-list-text\">Un acc\u00e8s Internet pour les recherches<\/span>\n\t\t\t\t\t\t\t\t\t<\/li>\n\t\t\t\t\t\t\t\t<li class=\"elementor-icon-list-item\">\n\t\t\t\t\t\t\t\t\t\t\t<span class=\"elementor-icon-list-icon\">\n\t\t\t\t\t\t\t<svg aria-hidden=\"true\" class=\"e-font-icon-svg e-fas-angle-double-right\" viewBox=\"0 0 448 512\" xmlns=\"http:\/\/www.w3.org\/2000\/svg\"><path d=\"M224.3 273l-136 136c-9.4 9.4-24.6 9.4-33.9 0l-22.6-22.6c-9.4-9.4-9.4-24.6 0-33.9l96.4-96.4-96.4-96.4c-9.4-9.4-9.4-24.6 0-33.9L54.3 103c9.4-9.4 24.6-9.4 33.9 0l136 136c9.5 9.4 9.5 24.6.1 34zm192-34l-136-136c-9.4-9.4-24.6-9.4-33.9 0l-22.6 22.6c-9.4 9.4-9.4 24.6 0 33.9l96.4 96.4-96.4 96.4c-9.4 9.4-9.4 24.6 0 33.9l22.6 22.6c9.4 9.4 24.6 9.4 33.9 0l136-136c9.4-9.2 9.4-24.4 0-33.8z\"><\/path><\/svg>\t\t\t\t\t\t<\/span>\n\t\t\t\t\t\t\t\t\t\t<span class=\"elementor-icon-list-text\">Un excellent moyen de faire ses devoirs avant le week-end<\/span>\n\t\t\t\t\t\t\t\t\t<\/li>\n\t\t\t\t\t\t<\/ul>\n\t\t\t\t<\/div>\n\t\t\t\t<\/div>\n\t\t\t\t<\/div>\n\t\t\t\t\t<\/div>\n\t\t\t\t<\/div>\n\t\t<div class=\"elementor-element elementor-element-1f6542b5 e-grid e-con-boxed neuron-fixed-no e-con e-parent\" data-id=\"1f6542b5\" data-element_type=\"container\">\n\t\t\t\t\t<div class=\"e-con-inner\">\n\t\t<div class=\"elementor-element elementor-element-65b783de e-con-full e-flex neuron-fixed-no e-con e-child\" data-id=\"65b783de\" data-element_type=\"container\" data-settings=\"{&quot;background_background&quot;:&quot;classic&quot;}\">\n\t\t<div class=\"elementor-element elementor-element-25b62943 e-grid e-con-full neuron-fixed-no e-con e-child\" data-id=\"25b62943\" data-element_type=\"container\" data-settings=\"{&quot;background_background&quot;:&quot;classic&quot;}\">\n\t\t\t\t<div class=\"elementor-element elementor-element-6c7a7eb0 elementor-align-center elementor-widget__width-initial elementor-widget elementor-widget-button\" data-id=\"6c7a7eb0\" data-element_type=\"widget\" data-widget_type=\"button.default\">\n\t\t\t\t<div class=\"elementor-widget-container\">\n\t\t\t\t\t<div class=\"elementor-button-wrapper\">\n\t\t\t<a class=\"elementor-button elementor-button-link elementor-size-sm\" href=\"#\">\n\t\t\t\t\t\t<span class=\"elementor-button-content-wrapper\">\n\t\t\t\t\t\t\t\t\t<span class=\"elementor-button-text\">Renseignements aupr\u00e8s des biblioth\u00e9caires<\/span>\n\t\t\t\t\t<\/span>\n\t\t\t\t\t<\/a>\n\t\t<\/div>\n\t\t\t\t<\/div>\n\t\t\t\t<\/div>\n\t\t\t\t<div class=\"elementor-element elementor-element-57405a00 elementor-align-center elementor-widget__width-initial elementor-widget elementor-widget-button\" data-id=\"57405a00\" data-element_type=\"widget\" data-widget_type=\"button.default\">\n\t\t\t\t<div class=\"elementor-widget-container\">\n\t\t\t\t\t<div class=\"elementor-button-wrapper\">\n\t\t\t<a class=\"elementor-button elementor-button-link elementor-size-sm\" href=\"https:\/\/www.bibliothequetourdaigues.fr\/index.php\/bibliotheque\/pratique\/adherer\/\">\n\t\t\t\t\t\t<span class=\"elementor-button-content-wrapper\">\n\t\t\t\t\t\t\t\t\t<span class=\"elementor-button-text\">J'ADH\u00c8RE<\/span>\n\t\t\t\t\t<\/span>\n\t\t\t\t\t<\/a>\n\t\t<\/div>\n\t\t\t\t<\/div>\n\t\t\t\t<\/div>\n\t\t\t\t<\/div>\n\t\t\t\t<\/div>\n\t\t\t\t\t<\/div>\n\t\t\t\t<\/div>\n\t\t\t\t<\/div>\n\t\t","protected":false},"excerpt":{"rendered":"<p>Soutien scolairepour les enfants du primaire Les lundis et jeudis de 16h45 \u00e0 17h45. LEs devoirs des copains&#8230;<\/p>\n","protected":false},"author":1,"featured_media":0,"parent":29856,"menu_order":1,"comment_status":"closed","ping_status":"closed","template":"","meta":{"_acf_changed":false,"footnotes":""},"class_list":["post-64","page","type-page","status-publish","hentry"],"acf":[],"yoast_head":"<!-- This site is optimized with the Yoast SEO plugin v23.2 - https:\/\/yoast.com\/wordpress\/plugins\/seo\/ -->\n<title>Les devoirs des copains - Biblioth\u00e8que de La Tour d&#039;Aigues<\/title>\n<meta name=\"robots\" content=\"index, follow, max-snippet:-1, max-image-preview:large, max-video-preview:-1\" \/>\n<link rel=\"canonical\" href=\"https:\/\/www.bibliothequetourdaigues.fr\/index.php\/activites\/soutien-scolaire\/les-devoirs-des-copains\/\" \/>\n<meta property=\"og:locale\" content=\"fr_FR\" \/>\n<meta property=\"og:type\" content=\"article\" \/>\n<meta property=\"og:title\" content=\"Les devoirs des copains - Biblioth\u00e8que de La Tour d&#039;Aigues\" \/>\n<meta property=\"og:description\" content=\"Soutien scolairepour les enfants du primaire Les lundis et jeudis de 16h45 \u00e0 17h45. LEs devoirs des copains...\" \/>\n<meta property=\"og:url\" content=\"https:\/\/www.bibliothequetourdaigues.fr\/index.php\/activites\/soutien-scolaire\/les-devoirs-des-copains\/\" \/>\n<meta property=\"og:site_name\" content=\"Biblioth\u00e8que de La Tour d&#039;Aigues\" \/>\n<meta property=\"article:publisher\" content=\"https:\/\/www.facebook.com\/biblio.la.tour.daigues\/?locale=fr_FR\" \/>\n<meta property=\"article:modified_time\" content=\"2024-08-24T05:49:34+00:00\" \/>\n<meta property=\"og:image\" content=\"https:\/\/www.bibliothequetourdaigues.fr\/wp-content\/uploads\/2024\/07\/Devoirs.jpg\" \/>\n<meta name=\"twitter:card\" content=\"summary_large_image\" \/>\n<meta name=\"twitter:label1\" content=\"Dur\u00e9e de lecture estim\u00e9e\" \/>\n\t<meta name=\"twitter:data1\" content=\"1 minute\" \/>\n<script type=\"application\/ld+json\" class=\"yoast-schema-graph\">{\"@context\":\"https:\/\/schema.org\",\"@graph\":[{\"@type\":\"WebPage\",\"@id\":\"https:\/\/www.bibliothequetourdaigues.fr\/index.php\/activites\/soutien-scolaire\/les-devoirs-des-copains\/\",\"url\":\"https:\/\/www.bibliothequetourdaigues.fr\/index.php\/activites\/soutien-scolaire\/les-devoirs-des-copains\/\",\"name\":\"Les devoirs des copains - Biblioth\u00e8que de La Tour d&#039;Aigues\",\"isPartOf\":{\"@id\":\"https:\/\/www.bibliothequetourdaigues.fr\/#website\"},\"primaryImageOfPage\":{\"@id\":\"https:\/\/www.bibliothequetourdaigues.fr\/index.php\/activites\/soutien-scolaire\/les-devoirs-des-copains\/#primaryimage\"},\"image\":{\"@id\":\"https:\/\/www.bibliothequetourdaigues.fr\/index.php\/activites\/soutien-scolaire\/les-devoirs-des-copains\/#primaryimage\"},\"thumbnailUrl\":\"https:\/\/www.bibliothequetourdaigues.fr\/wp-content\/uploads\/2024\/07\/Devoirs.jpg\",\"datePublished\":\"2024-07-01T13:38:48+00:00\",\"dateModified\":\"2024-08-24T05:49:34+00:00\",\"breadcrumb\":{\"@id\":\"https:\/\/www.bibliothequetourdaigues.fr\/index.php\/activites\/soutien-scolaire\/les-devoirs-des-copains\/#breadcrumb\"},\"inLanguage\":\"fr-FR\",\"potentialAction\":[{\"@type\":\"ReadAction\",\"target\":[\"https:\/\/www.bibliothequetourdaigues.fr\/index.php\/activites\/soutien-scolaire\/les-devoirs-des-copains\/\"]}]},{\"@type\":\"ImageObject\",\"inLanguage\":\"fr-FR\",\"@id\":\"https:\/\/www.bibliothequetourdaigues.fr\/index.php\/activites\/soutien-scolaire\/les-devoirs-des-copains\/#primaryimage\",\"url\":\"https:\/\/www.bibliothequetourdaigues.fr\/wp-content\/uploads\/2024\/07\/Devoirs.jpg\",\"contentUrl\":\"https:\/\/www.bibliothequetourdaigues.fr\/wp-content\/uploads\/2024\/07\/Devoirs.jpg\",\"width\":640,\"height\":427},{\"@type\":\"BreadcrumbList\",\"@id\":\"https:\/\/www.bibliothequetourdaigues.fr\/index.php\/activites\/soutien-scolaire\/les-devoirs-des-copains\/#breadcrumb\",\"itemListElement\":[{\"@type\":\"ListItem\",\"position\":1,\"name\":\"Accueil\",\"item\":\"https:\/\/www.bibliothequetourdaigues.fr\/\"},{\"@type\":\"ListItem\",\"position\":2,\"name\":\"Activit\u00e9s\",\"item\":\"https:\/\/www.bibliothequetourdaigues.fr\/index.php\/activites\/\"},{\"@type\":\"ListItem\",\"position\":3,\"name\":\"Soutien scolaire\",\"item\":\"https:\/\/www.bibliothequetourdaigues.fr\/index.php\/activites\/soutien-scolaire\/\"},{\"@type\":\"ListItem\",\"position\":4,\"name\":\"Les devoirs des copains\"}]},{\"@type\":\"WebSite\",\"@id\":\"https:\/\/www.bibliothequetourdaigues.fr\/#website\",\"url\":\"https:\/\/www.bibliothequetourdaigues.fr\/\",\"name\":\"Biblioth\u00e8que de La Tour d'Aigues\",\"description\":\"\",\"publisher\":{\"@id\":\"https:\/\/www.bibliothequetourdaigues.fr\/#organization\"},\"potentialAction\":[{\"@type\":\"SearchAction\",\"target\":{\"@type\":\"EntryPoint\",\"urlTemplate\":\"https:\/\/www.bibliothequetourdaigues.fr\/?s={search_term_string}\"},\"query-input\":\"required name=search_term_string\"}],\"inLanguage\":\"fr-FR\"},{\"@type\":\"Organization\",\"@id\":\"https:\/\/www.bibliothequetourdaigues.fr\/#organization\",\"name\":\"Biblioth\u00e8que de La Tour d'Aigues\",\"url\":\"https:\/\/www.bibliothequetourdaigues.fr\/\",\"logo\":{\"@type\":\"ImageObject\",\"inLanguage\":\"fr-FR\",\"@id\":\"https:\/\/www.bibliothequetourdaigues.fr\/#\/schema\/logo\/image\/\",\"url\":\"https:\/\/www.bibliothequetourdaigues.fr\/wp-content\/uploads\/2024\/07\/Small-Bibliotheque-logo-noir-horizontal.png\",\"contentUrl\":\"https:\/\/www.bibliothequetourdaigues.fr\/wp-content\/uploads\/2024\/07\/Small-Bibliotheque-logo-noir-horizontal.png\",\"width\":815,\"height\":179,\"caption\":\"Biblioth\u00e8que de La Tour d'Aigues\"},\"image\":{\"@id\":\"https:\/\/www.bibliothequetourdaigues.fr\/#\/schema\/logo\/image\/\"},\"sameAs\":[\"https:\/\/www.facebook.com\/biblio.la.tour.daigues\/?locale=fr_FR\",\"https:\/\/www.instagram.com\/bibliotheque.latourdaigues\/\"]}]}<\/script>\n<!-- \/ Yoast SEO plugin. -->","yoast_head_json":{"title":"Les devoirs des copains - Biblioth\u00e8que de La Tour d&#039;Aigues","robots":{"index":"index","follow":"follow","max-snippet":"max-snippet:-1","max-image-preview":"max-image-preview:large","max-video-preview":"max-video-preview:-1"},"canonical":"https:\/\/www.bibliothequetourdaigues.fr\/index.php\/activites\/soutien-scolaire\/les-devoirs-des-copains\/","og_locale":"fr_FR","og_type":"article","og_title":"Les devoirs des copains - Biblioth\u00e8que de La Tour d&#039;Aigues","og_description":"Soutien scolairepour les enfants du primaire Les lundis et jeudis de 16h45 \u00e0 17h45. LEs devoirs des copains...","og_url":"https:\/\/www.bibliothequetourdaigues.fr\/index.php\/activites\/soutien-scolaire\/les-devoirs-des-copains\/","og_site_name":"Biblioth\u00e8que de La Tour d&#039;Aigues","article_publisher":"https:\/\/www.facebook.com\/biblio.la.tour.daigues\/?locale=fr_FR","article_modified_time":"2024-08-24T05:49:34+00:00","og_image":[{"url":"https:\/\/www.bibliothequetourdaigues.fr\/wp-content\/uploads\/2024\/07\/Devoirs.jpg"}],"twitter_card":"summary_large_image","twitter_misc":{"Dur\u00e9e de lecture estim\u00e9e":"1 minute"},"schema":{"@context":"https:\/\/schema.org","@graph":[{"@type":"WebPage","@id":"https:\/\/www.bibliothequetourdaigues.fr\/index.php\/activites\/soutien-scolaire\/les-devoirs-des-copains\/","url":"https:\/\/www.bibliothequetourdaigues.fr\/index.php\/activites\/soutien-scolaire\/les-devoirs-des-copains\/","name":"Les devoirs des copains - Biblioth\u00e8que de La Tour d&#039;Aigues","isPartOf":{"@id":"https:\/\/www.bibliothequetourdaigues.fr\/#website"},"primaryImageOfPage":{"@id":"https:\/\/www.bibliothequetourdaigues.fr\/index.php\/activites\/soutien-scolaire\/les-devoirs-des-copains\/#primaryimage"},"image":{"@id":"https:\/\/www.bibliothequetourdaigues.fr\/index.php\/activites\/soutien-scolaire\/les-devoirs-des-copains\/#primaryimage"},"thumbnailUrl":"https:\/\/www.bibliothequetourdaigues.fr\/wp-content\/uploads\/2024\/07\/Devoirs.jpg","datePublished":"2024-07-01T13:38:48+00:00","dateModified":"2024-08-24T05:49:34+00:00","breadcrumb":{"@id":"https:\/\/www.bibliothequetourdaigues.fr\/index.php\/activites\/soutien-scolaire\/les-devoirs-des-copains\/#breadcrumb"},"inLanguage":"fr-FR","potentialAction":[{"@type":"ReadAction","target":["https:\/\/www.bibliothequetourdaigues.fr\/index.php\/activites\/soutien-scolaire\/les-devoirs-des-copains\/"]}]},{"@type":"ImageObject","inLanguage":"fr-FR","@id":"https:\/\/www.bibliothequetourdaigues.fr\/index.php\/activites\/soutien-scolaire\/les-devoirs-des-copains\/#primaryimage","url":"https:\/\/www.bibliothequetourdaigues.fr\/wp-content\/uploads\/2024\/07\/Devoirs.jpg","contentUrl":"https:\/\/www.bibliothequetourdaigues.fr\/wp-content\/uploads\/2024\/07\/Devoirs.jpg","width":640,"height":427},{"@type":"BreadcrumbList","@id":"https:\/\/www.bibliothequetourdaigues.fr\/index.php\/activites\/soutien-scolaire\/les-devoirs-des-copains\/#breadcrumb","itemListElement":[{"@type":"ListItem","position":1,"name":"Accueil","item":"https:\/\/www.bibliothequetourdaigues.fr\/"},{"@type":"ListItem","position":2,"name":"Activit\u00e9s","item":"https:\/\/www.bibliothequetourdaigues.fr\/index.php\/activites\/"},{"@type":"ListItem","position":3,"name":"Soutien scolaire","item":"https:\/\/www.bibliothequetourdaigues.fr\/index.php\/activites\/soutien-scolaire\/"},{"@type":"ListItem","position":4,"name":"Les devoirs des copains"}]},{"@type":"WebSite","@id":"https:\/\/www.bibliothequetourdaigues.fr\/#website","url":"https:\/\/www.bibliothequetourdaigues.fr\/","name":"Biblioth\u00e8que de La Tour d'Aigues","description":"","publisher":{"@id":"https:\/\/www.bibliothequetourdaigues.fr\/#organization"},"potentialAction":[{"@type":"SearchAction","target":{"@type":"EntryPoint","urlTemplate":"https:\/\/www.bibliothequetourdaigues.fr\/?s={search_term_string}"},"query-input":"required name=search_term_string"}],"inLanguage":"fr-FR"},{"@type":"Organization","@id":"https:\/\/www.bibliothequetourdaigues.fr\/#organization","name":"Biblioth\u00e8que de La Tour d'Aigues","url":"https:\/\/www.bibliothequetourdaigues.fr\/","logo":{"@type":"ImageObject","inLanguage":"fr-FR","@id":"https:\/\/www.bibliothequetourdaigues.fr\/#\/schema\/logo\/image\/","url":"https:\/\/www.bibliothequetourdaigues.fr\/wp-content\/uploads\/2024\/07\/Small-Bibliotheque-logo-noir-horizontal.png","contentUrl":"https:\/\/www.bibliothequetourdaigues.fr\/wp-content\/uploads\/2024\/07\/Small-Bibliotheque-logo-noir-horizontal.png","width":815,"height":179,"caption":"Biblioth\u00e8que de La Tour d'Aigues"},"image":{"@id":"https:\/\/www.bibliothequetourdaigues.fr\/#\/schema\/logo\/image\/"},"sameAs":["https:\/\/www.facebook.com\/biblio.la.tour.daigues\/?locale=fr_FR","https:\/\/www.instagram.com\/bibliotheque.latourdaigues\/"]}]}},"_links":{"self":[{"href":"https:\/\/www.bibliothequetourdaigues.fr\/index.php\/wp-json\/wp\/v2\/pages\/64","targetHints":{"allow":["GET"]}}],"collection":[{"href":"https:\/\/www.bibliothequetourdaigues.fr\/index.php\/wp-json\/wp\/v2\/pages"}],"about":[{"href":"https:\/\/www.bibliothequetourdaigues.fr\/index.php\/wp-json\/wp\/v2\/types\/page"}],"author":[{"embeddable":true,"href":"https:\/\/www.bibliothequetourdaigues.fr\/index.php\/wp-json\/wp\/v2\/users\/1"}],"replies":[{"embeddable":true,"href":"https:\/\/www.bibliothequetourdaigues.fr\/index.php\/wp-json\/wp\/v2\/comments?post=64"}],"version-history":[{"count":9,"href":"https:\/\/www.bibliothequetourdaigues.fr\/index.php\/wp-json\/wp\/v2\/pages\/64\/revisions"}],"predecessor-version":[{"id":31784,"href":"https:\/\/www.bibliothequetourdaigues.fr\/index.php\/wp-json\/wp\/v2\/pages\/64\/revisions\/31784"}],"up":[{"embeddable":true,"href":"https:\/\/www.bibliothequetourdaigues.fr\/index.php\/wp-json\/wp\/v2\/pages\/29856"}],"wp:attachment":[{"href":"https:\/\/www.bibliothequetourdaigues.fr\/index.php\/wp-json\/wp\/v2\/media?parent=64"}],"curies":[{"name":"wp","href":"https:\/\/api.w.org\/{rel}","templated":true}]}}